{"id":12,"date":"2024-12-16T11:12:17","date_gmt":"2024-12-16T11:12:17","guid":{"rendered":"https:\/\/list-broker.es\/?page_id=12"},"modified":"2025-01-24T12:25:07","modified_gmt":"2025-01-24T12:25:07","slug":"rcr-listbrokers","status":"publish","type":"page","link":"https:\/\/list-broker.es\/en\/","title":{"rendered":"RCR List Brokers"},"content":{"rendered":"<div data-elementor-type=\"wp-page\" data-elementor-id=\"12\" class=\"elementor elementor-12\" data-elementor-post-type=\"page\">\n\t\t\t\t<div class=\"elementor-element elementor-element-4b34073 e-flex e-con-boxed e-con e-parent\" data-id=\"4b34073\" data-element_type=\"container\" data-e-type=\"container\" data-settings=\"{&quot;background_background&quot;:&quot;classic&quot;}\">\n\t\t\t\t\t<div class=\"e-con-inner\">\n\t\t<div class=\"elementor-element elementor-element-19ce1d9 e-con-full e-flex e-con e-child\" data-id=\"19ce1d9\" data-element_type=\"container\" data-e-type=\"container\">\n\t\t\t\t<div class=\"elementor-element elementor-element-28598dc elementor-widget elementor-widget-global elementor-global-1258 elementor-widget-heading\" data-id=\"28598dc\" data-element_type=\"widget\" data-e-type=\"widget\" data-widget_type=\"heading.default\">\n\t\t\t\t<div class=\"elementor-widget-container\">\n\t\t\t\t\t<p class=\"elementor-heading-title elementor-size-default\">We make Direct Marketing easy<\/p>\t\t\t\t<\/div>\n\t\t\t\t<\/div>\n\t\t\t\t<\/div>\n\t\t<div class=\"elementor-element elementor-element-ac86f0b e-con-full e-flex e-con e-child\" data-id=\"ac86f0b\" data-element_type=\"container\" data-e-type=\"container\">\n\t\t\t\t<\/div>\n\t\t\t\t\t<\/div>\n\t\t\t\t<\/div>\n\t\t<div class=\"elementor-element elementor-element-42338be e-flex e-con-boxed e-con e-parent\" data-id=\"42338be\" data-element_type=\"container\" data-e-type=\"container\">\n\t\t\t\t\t<div class=\"e-con-inner\">\n\t\t\t\t<div class=\"elementor-element elementor-element-d299761 elementor-widget elementor-widget-heading\" data-id=\"d299761\" data-element_type=\"widget\" data-e-type=\"widget\" data-widget_type=\"heading.default\">\n\t\t\t\t<div class=\"elementor-widget-container\">\n\t\t\t\t\t<h1 class=\"elementor-heading-title elementor-size-default\">Home<\/h1>\t\t\t\t<\/div>\n\t\t\t\t<\/div>\n\t\t\t\t\t<\/div>\n\t\t\t\t<\/div>\n\t\t<div class=\"elementor-element elementor-element-d9db33c e-flex e-con-boxed e-con e-parent\" data-id=\"d9db33c\" data-element_type=\"container\" data-e-type=\"container\">\n\t\t\t\t\t<div class=\"e-con-inner\">\n\t\t\t\t<div class=\"elementor-element elementor-element-3697045 elementor-widget elementor-widget-heading\" data-id=\"3697045\" data-element_type=\"widget\" data-e-type=\"widget\" data-widget_type=\"heading.default\">\n\t\t\t\t<div class=\"elementor-widget-container\">\n\t\t\t\t\t<h1 class=\"elementor-heading-title elementor-size-default\">Commercial databases for Direct Marketing<\/h1>\t\t\t\t<\/div>\n\t\t\t\t<\/div>\n\t\t\t\t<div class=\"elementor-element elementor-element-6027af7 elementor-widget elementor-widget-text-editor\" data-id=\"6027af7\" data-element_type=\"widget\" data-e-type=\"widget\" data-widget_type=\"text-editor.default\">\n\t\t\t\t<div class=\"elementor-widget-container\">\n\t\t\t\t\t\t\t\t\t<p>We are specialized in providing databases for DIRECT MARKETING to our clients.<\/p><p>We operate in DIRECT MARKETING in the phase of attracting new clients.<\/p><p>We have all the logistics for 360\u00ba DIRECT MARKETING campaigns, through our partners.<\/p><p>We analyze your DIRECT MARKETING campaign from the beginning to the end.<\/p>\t\t\t\t\t\t\t\t<\/div>\n\t\t\t\t<\/div>\n\t\t\t\t\t<\/div>\n\t\t\t\t<\/div>\n\t\t<div class=\"elementor-element elementor-element-e86b959 e-flex e-con-boxed e-con e-parent\" data-id=\"e86b959\" data-element_type=\"container\" data-e-type=\"container\" data-settings=\"{&quot;background_background&quot;:&quot;classic&quot;}\">\n\t\t\t\t\t<div class=\"e-con-inner\">\n\t\t<div class=\"elementor-element elementor-element-831cb10 e-con-full e-flex e-con e-child\" data-id=\"831cb10\" data-element_type=\"container\" data-e-type=\"container\">\n\t\t\t\t<div class=\"elementor-element elementor-element-89d4727 elementor-widget elementor-widget-image\" data-id=\"89d4727\" data-element_type=\"widget\" data-e-type=\"widget\" data-widget_type=\"image.default\">\n\t\t\t\t<div class=\"elementor-widget-container\">\n\t\t\t\t\t\t\t\t\t\t\t\t\t\t\t<img fetchpriority=\"high\" decoding=\"async\" width=\"1000\" height=\"800\" src=\"https:\/\/list-broker.es\/wp-content\/uploads\/2025\/01\/servicios-listbroker.png\" class=\"attachment-full size-full wp-image-635\" alt=\"\" srcset=\"https:\/\/list-broker.es\/wp-content\/uploads\/2025\/01\/servicios-listbroker.png 1000w, https:\/\/list-broker.es\/wp-content\/uploads\/2025\/01\/servicios-listbroker-300x240.png 300w, https:\/\/list-broker.es\/wp-content\/uploads\/2025\/01\/servicios-listbroker-768x614.png 768w\" sizes=\"(max-width: 1000px) 100vw, 1000px\" \/>\t\t\t\t\t\t\t\t\t\t\t\t\t\t\t<\/div>\n\t\t\t\t<\/div>\n\t\t<div class=\"elementor-element elementor-element-1495e08 e-con-full e-flex e-con e-child\" data-id=\"1495e08\" data-element_type=\"container\" data-e-type=\"container\" data-settings=\"{&quot;background_background&quot;:&quot;classic&quot;}\">\n\t\t\t\t<div class=\"elementor-element elementor-element-0ad2704 elementor-widget elementor-widget-heading\" data-id=\"0ad2704\" data-element_type=\"widget\" data-e-type=\"widget\" data-widget_type=\"heading.default\">\n\t\t\t\t<div class=\"elementor-widget-container\">\n\t\t\t\t\t<h2 class=\"elementor-heading-title elementor-size-default\">LISTBROKER<\/h2>\t\t\t\t<\/div>\n\t\t\t\t<\/div>\n\t\t\t\t<div class=\"elementor-element elementor-element-3a1089d elementor-widget elementor-widget-text-editor\" data-id=\"3a1089d\" data-element_type=\"widget\" data-e-type=\"widget\" data-widget_type=\"text-editor.default\">\n\t\t\t\t<div class=\"elementor-widget-container\">\n\t\t\t\t\t\t\t\t\t<p class=\"justificado\">We are independent list brokers, we act as intermediaries in direct marketing campaigns.<br \/>We have the local and international tools for the best direct marketing, acting in the recruitment phase of new clients. We rely on an international network of specialists to offer our clients a 360\u00ba service.<\/p><p><br \/><br \/><br \/><br \/><br \/><\/p>\t\t\t\t\t\t\t\t<\/div>\n\t\t\t\t<\/div>\n\t\t\t\t<\/div>\n\t\t\t\t<div class=\"elementor-element elementor-element-d3600bd elementor-align-center elementor-mobile-align-center elementor-widget elementor-widget-button\" data-id=\"d3600bd\" data-element_type=\"widget\" data-e-type=\"widget\" data-widget_type=\"button.default\">\n\t\t\t\t<div class=\"elementor-widget-container\">\n\t\t\t\t\t\t\t\t\t<div class=\"elementor-button-wrapper\">\n\t\t\t\t\t<a class=\"elementor-button elementor-button-link elementor-size-sm\" href=\"https:\/\/list-broker.es\/en\/who-we-are\/\">\n\t\t\t\t\t\t<span class=\"elementor-button-content-wrapper\">\n\t\t\t\t\t\t\t\t\t<span class=\"elementor-button-text\">Who we are<\/span>\n\t\t\t\t\t<\/span>\n\t\t\t\t\t<\/a>\n\t\t\t\t<\/div>\n\t\t\t\t\t\t\t\t<\/div>\n\t\t\t\t<\/div>\n\t\t\t\t<\/div>\n\t\t<div class=\"elementor-element elementor-element-4c2327f e-con-full e-flex e-con e-child\" data-id=\"4c2327f\" data-element_type=\"container\" data-e-type=\"container\">\n\t\t\t\t<div class=\"elementor-element elementor-element-020e190 elementor-widget elementor-widget-image\" data-id=\"020e190\" data-element_type=\"widget\" data-e-type=\"widget\" data-widget_type=\"image.default\">\n\t\t\t\t<div class=\"elementor-widget-container\">\n\t\t\t\t\t\t\t\t\t\t\t\t\t\t\t<img decoding=\"async\" width=\"800\" height=\"450\" src=\"https:\/\/list-broker.es\/wp-content\/uploads\/2025\/01\/cyberattack1.jpg\" class=\"attachment-large size-large wp-image-634\" alt=\"\" srcset=\"https:\/\/list-broker.es\/wp-content\/uploads\/2025\/01\/cyberattack1.jpg 950w, https:\/\/list-broker.es\/wp-content\/uploads\/2025\/01\/cyberattack1-300x169.jpg 300w, https:\/\/list-broker.es\/wp-content\/uploads\/2025\/01\/cyberattack1-768x432.jpg 768w\" sizes=\"(max-width: 800px) 100vw, 800px\" \/>\t\t\t\t\t\t\t\t\t\t\t\t\t\t\t<\/div>\n\t\t\t\t<\/div>\n\t\t<div class=\"elementor-element elementor-element-af740b5 e-con-full e-flex e-con e-child\" data-id=\"af740b5\" data-element_type=\"container\" data-e-type=\"container\" data-settings=\"{&quot;background_background&quot;:&quot;classic&quot;}\">\n\t\t\t\t<div class=\"elementor-element elementor-element-f86d877 elementor-widget elementor-widget-heading\" data-id=\"f86d877\" data-element_type=\"widget\" data-e-type=\"widget\" data-widget_type=\"heading.default\">\n\t\t\t\t<div class=\"elementor-widget-container\">\n\t\t\t\t\t<h2 class=\"elementor-heading-title elementor-size-default\">SERVICES<\/h2>\t\t\t\t<\/div>\n\t\t\t\t<\/div>\n\t\t\t\t<div class=\"elementor-element elementor-element-b83e9dd elementor-widget elementor-widget-text-editor\" data-id=\"b83e9dd\" data-element_type=\"widget\" data-e-type=\"widget\" data-widget_type=\"text-editor.default\">\n\t\t\t\t<div class=\"elementor-widget-container\">\n\t\t\t\t\t\t\t\t\t<div style=\"text-align: left;\"><ul><li>Advice and search and intermediation of Spanish and international b2c and b2b bbdd.<\/li><li>Coordination of international and local direct marketing actions.<\/li><li>Call center, ad-hoc bbdd by means of lead generation.<\/li><li>360\u00ba service for: newsletter sending, mailing, sms and rcs sending, ecommerce.<\/li><\/ul><\/div><p><br \/>\u00a0<\/p>\t\t\t\t\t\t\t\t<\/div>\n\t\t\t\t<\/div>\n\t\t\t\t<\/div>\n\t\t\t\t<div class=\"elementor-element elementor-element-3d14dc3 elementor-align-center elementor-mobile-align-center elementor-widget elementor-widget-button\" data-id=\"3d14dc3\" data-element_type=\"widget\" data-e-type=\"widget\" data-widget_type=\"button.default\">\n\t\t\t\t<div class=\"elementor-widget-container\">\n\t\t\t\t\t\t\t\t\t<div class=\"elementor-button-wrapper\">\n\t\t\t\t\t<a class=\"elementor-button elementor-button-link elementor-size-sm\" href=\"https:\/\/list-broker.es\/en\/services\/\">\n\t\t\t\t\t\t<span class=\"elementor-button-content-wrapper\">\n\t\t\t\t\t\t\t\t\t<span class=\"elementor-button-text\">Services<\/span>\n\t\t\t\t\t<\/span>\n\t\t\t\t\t<\/a>\n\t\t\t\t<\/div>\n\t\t\t\t\t\t\t\t<\/div>\n\t\t\t\t<\/div>\n\t\t\t\t<\/div>\n\t\t\t\t\t<\/div>\n\t\t\t\t<\/div>\n\t\t\t\t<\/div>","protected":false},"excerpt":{"rendered":"<p>Hacemos f\u00e1cil el Marketing Directo Inicio Bases de datos comerciales para Marketing Directo Estamos especializados en proporcionar bases de datos para MARKETING DIRECTO a nuestros clientes. Operamos en MARKETING DIRECTO en la fase de captaci\u00f3n de nuevos clientes. Disponemos de toda la log\u00edstica para campa\u00f1as de MARKETING DIRECTO a 360\u00ba, mediante nuestros partners. Analizamos su [&hellip;]<\/p>\n","protected":false},"author":1,"featured_media":0,"parent":0,"menu_order":0,"comment_status":"closed","ping_status":"closed","template":"","meta":{"footnotes":""},"class_list":["post-12","page","type-page","status-publish","hentry"],"yoast_head":"<!-- This site is optimized with the Yoast SEO plugin v27.5 - https:\/\/yoast.com\/product\/yoast-seo-wordpress\/ -->\n<title>RCR List Brokers - RCR List Brokers<\/title>\n<meta name=\"robots\" content=\"index, follow, max-snippet:-1, max-image-preview:large, max-video-preview:-1\" \/>\n<link rel=\"canonical\" href=\"https:\/\/list-broker.es\/en\/\" \/>\n<meta property=\"og:locale\" content=\"en_GB\" \/>\n<meta property=\"og:type\" content=\"article\" \/>\n<meta property=\"og:title\" content=\"RCR List Brokers - RCR List Brokers\" \/>\n<meta property=\"og:description\" content=\"Hacemos f\u00e1cil el Marketing Directo Inicio Bases de datos comerciales para Marketing Directo Estamos especializados en proporcionar bases de datos para MARKETING DIRECTO a nuestros clientes. Operamos en MARKETING DIRECTO en la fase de captaci\u00f3n de nuevos clientes. Disponemos de toda la log\u00edstica para campa\u00f1as de MARKETING DIRECTO a 360\u00ba, mediante nuestros partners. Analizamos su [&hellip;]\" \/>\n<meta property=\"og:url\" content=\"https:\/\/list-broker.es\/en\/\" \/>\n<meta property=\"og:site_name\" content=\"RCR List Brokers\" \/>\n<meta property=\"article:modified_time\" content=\"2025-01-24T12:25:07+00:00\" \/>\n<meta property=\"og:image\" content=\"https:\/\/list-broker.es\/wp-content\/uploads\/2025\/01\/servicios-listbroker.png\" \/>\n\t<meta property=\"og:image:width\" content=\"1000\" \/>\n\t<meta property=\"og:image:height\" content=\"800\" \/>\n\t<meta property=\"og:image:type\" content=\"image\/png\" \/>\n<meta name=\"twitter:card\" content=\"summary_large_image\" \/>\n<meta name=\"twitter:label1\" content=\"Estimated reading time\" \/>\n\t<meta name=\"twitter:data1\" content=\"2 minutes\" \/>\n<script type=\"application\/ld+json\" class=\"yoast-schema-graph\">{\"@context\":\"https:\\\/\\\/schema.org\",\"@graph\":[{\"@type\":\"WebPage\",\"@id\":\"https:\\\/\\\/list-broker.es\\\/\",\"url\":\"https:\\\/\\\/list-broker.es\\\/\",\"name\":\"RCR List Brokers - RCR List Brokers\",\"isPartOf\":{\"@id\":\"https:\\\/\\\/list-broker.es\\\/#website\"},\"primaryImageOfPage\":{\"@id\":\"https:\\\/\\\/list-broker.es\\\/#primaryimage\"},\"image\":{\"@id\":\"https:\\\/\\\/list-broker.es\\\/#primaryimage\"},\"thumbnailUrl\":\"https:\\\/\\\/list-broker.es\\\/wp-content\\\/uploads\\\/2025\\\/01\\\/servicios-listbroker.png\",\"datePublished\":\"2024-12-16T11:12:17+00:00\",\"dateModified\":\"2025-01-24T12:25:07+00:00\",\"breadcrumb\":{\"@id\":\"https:\\\/\\\/list-broker.es\\\/#breadcrumb\"},\"inLanguage\":\"en-GB\",\"potentialAction\":[{\"@type\":\"ReadAction\",\"target\":[\"https:\\\/\\\/list-broker.es\\\/\"]}]},{\"@type\":\"ImageObject\",\"inLanguage\":\"en-GB\",\"@id\":\"https:\\\/\\\/list-broker.es\\\/#primaryimage\",\"url\":\"https:\\\/\\\/list-broker.es\\\/wp-content\\\/uploads\\\/2025\\\/01\\\/servicios-listbroker.png\",\"contentUrl\":\"https:\\\/\\\/list-broker.es\\\/wp-content\\\/uploads\\\/2025\\\/01\\\/servicios-listbroker.png\"},{\"@type\":\"BreadcrumbList\",\"@id\":\"https:\\\/\\\/list-broker.es\\\/#breadcrumb\",\"itemListElement\":[{\"@type\":\"ListItem\",\"position\":1,\"name\":\"Portada\",\"item\":\"https:\\\/\\\/list-broker.es\\\/\"},{\"@type\":\"ListItem\",\"position\":2,\"name\":\"RCR List Brokers\"}]},{\"@type\":\"WebSite\",\"@id\":\"https:\\\/\\\/list-broker.es\\\/#website\",\"url\":\"https:\\\/\\\/list-broker.es\\\/\",\"name\":\"RCR List Brokers\",\"description\":\"Bases de datos y listados  de empresas\",\"publisher\":{\"@id\":\"https:\\\/\\\/list-broker.es\\\/#organization\"},\"potentialAction\":[{\"@type\":\"SearchAction\",\"target\":{\"@type\":\"EntryPoint\",\"urlTemplate\":\"https:\\\/\\\/list-broker.es\\\/?s={search_term_string}\"},\"query-input\":{\"@type\":\"PropertyValueSpecification\",\"valueRequired\":true,\"valueName\":\"search_term_string\"}}],\"inLanguage\":\"en-GB\"},{\"@type\":\"Organization\",\"@id\":\"https:\\\/\\\/list-broker.es\\\/#organization\",\"name\":\"RCR List Brokers\",\"url\":\"https:\\\/\\\/list-broker.es\\\/\",\"logo\":{\"@type\":\"ImageObject\",\"inLanguage\":\"en-GB\",\"@id\":\"https:\\\/\\\/list-broker.es\\\/#\\\/schema\\\/logo\\\/image\\\/\",\"url\":\"https:\\\/\\\/list-broker.es\\\/wp-content\\\/uploads\\\/2024\\\/12\\\/logo-rcr.png\",\"contentUrl\":\"https:\\\/\\\/list-broker.es\\\/wp-content\\\/uploads\\\/2024\\\/12\\\/logo-rcr.png\",\"width\":3500,\"height\":3300,\"caption\":\"RCR List Brokers\"},\"image\":{\"@id\":\"https:\\\/\\\/list-broker.es\\\/#\\\/schema\\\/logo\\\/image\\\/\"}}]}<\/script>\n<!-- \/ Yoast SEO plugin. -->","yoast_head_json":{"title":"RCR List Brokers - RCR List Brokers","robots":{"index":"index","follow":"follow","max-snippet":"max-snippet:-1","max-image-preview":"max-image-preview:large","max-video-preview":"max-video-preview:-1"},"canonical":"https:\/\/list-broker.es\/en\/","og_locale":"en_GB","og_type":"article","og_title":"RCR List Brokers - RCR List Brokers","og_description":"Hacemos f\u00e1cil el Marketing Directo Inicio Bases de datos comerciales para Marketing Directo Estamos especializados en proporcionar bases de datos para MARKETING DIRECTO a nuestros clientes. Operamos en MARKETING DIRECTO en la fase de captaci\u00f3n de nuevos clientes. Disponemos de toda la log\u00edstica para campa\u00f1as de MARKETING DIRECTO a 360\u00ba, mediante nuestros partners. Analizamos su [&hellip;]","og_url":"https:\/\/list-broker.es\/en\/","og_site_name":"RCR List Brokers","article_modified_time":"2025-01-24T12:25:07+00:00","og_image":[{"width":1000,"height":800,"url":"https:\/\/list-broker.es\/wp-content\/uploads\/2025\/01\/servicios-listbroker.png","type":"image\/png"}],"twitter_card":"summary_large_image","twitter_misc":{"Estimated reading time":"2 minutes"},"schema":{"@context":"https:\/\/schema.org","@graph":[{"@type":"WebPage","@id":"https:\/\/list-broker.es\/","url":"https:\/\/list-broker.es\/","name":"RCR List Brokers - RCR List Brokers","isPartOf":{"@id":"https:\/\/list-broker.es\/#website"},"primaryImageOfPage":{"@id":"https:\/\/list-broker.es\/#primaryimage"},"image":{"@id":"https:\/\/list-broker.es\/#primaryimage"},"thumbnailUrl":"https:\/\/list-broker.es\/wp-content\/uploads\/2025\/01\/servicios-listbroker.png","datePublished":"2024-12-16T11:12:17+00:00","dateModified":"2025-01-24T12:25:07+00:00","breadcrumb":{"@id":"https:\/\/list-broker.es\/#breadcrumb"},"inLanguage":"en-GB","potentialAction":[{"@type":"ReadAction","target":["https:\/\/list-broker.es\/"]}]},{"@type":"ImageObject","inLanguage":"en-GB","@id":"https:\/\/list-broker.es\/#primaryimage","url":"https:\/\/list-broker.es\/wp-content\/uploads\/2025\/01\/servicios-listbroker.png","contentUrl":"https:\/\/list-broker.es\/wp-content\/uploads\/2025\/01\/servicios-listbroker.png"},{"@type":"BreadcrumbList","@id":"https:\/\/list-broker.es\/#breadcrumb","itemListElement":[{"@type":"ListItem","position":1,"name":"Portada","item":"https:\/\/list-broker.es\/"},{"@type":"ListItem","position":2,"name":"RCR List Brokers"}]},{"@type":"WebSite","@id":"https:\/\/list-broker.es\/#website","url":"https:\/\/list-broker.es\/","name":"RCR List Brokers","description":"Bases de datos y listados  de empresas","publisher":{"@id":"https:\/\/list-broker.es\/#organization"},"potentialAction":[{"@type":"SearchAction","target":{"@type":"EntryPoint","urlTemplate":"https:\/\/list-broker.es\/?s={search_term_string}"},"query-input":{"@type":"PropertyValueSpecification","valueRequired":true,"valueName":"search_term_string"}}],"inLanguage":"en-GB"},{"@type":"Organization","@id":"https:\/\/list-broker.es\/#organization","name":"RCR List Brokers","url":"https:\/\/list-broker.es\/","logo":{"@type":"ImageObject","inLanguage":"en-GB","@id":"https:\/\/list-broker.es\/#\/schema\/logo\/image\/","url":"https:\/\/list-broker.es\/wp-content\/uploads\/2024\/12\/logo-rcr.png","contentUrl":"https:\/\/list-broker.es\/wp-content\/uploads\/2024\/12\/logo-rcr.png","width":3500,"height":3300,"caption":"RCR List Brokers"},"image":{"@id":"https:\/\/list-broker.es\/#\/schema\/logo\/image\/"}}]}},"_links":{"self":[{"href":"https:\/\/list-broker.es\/en\/wp-json\/wp\/v2\/pages\/12","targetHints":{"allow":["GET"]}}],"collection":[{"href":"https:\/\/list-broker.es\/en\/wp-json\/wp\/v2\/pages"}],"about":[{"href":"https:\/\/list-broker.es\/en\/wp-json\/wp\/v2\/types\/page"}],"author":[{"embeddable":true,"href":"https:\/\/list-broker.es\/en\/wp-json\/wp\/v2\/users\/1"}],"replies":[{"embeddable":true,"href":"https:\/\/list-broker.es\/en\/wp-json\/wp\/v2\/comments?post=12"}],"version-history":[{"count":227,"href":"https:\/\/list-broker.es\/en\/wp-json\/wp\/v2\/pages\/12\/revisions"}],"predecessor-version":[{"id":1263,"href":"https:\/\/list-broker.es\/en\/wp-json\/wp\/v2\/pages\/12\/revisions\/1263"}],"wp:attachment":[{"href":"https:\/\/list-broker.es\/en\/wp-json\/wp\/v2\/media?parent=12"}],"curies":[{"name":"wp","href":"https:\/\/api.w.org\/{rel}","templated":true}]}}