{"id":1500,"date":"2025-02-13T08:15:26","date_gmt":"2025-02-13T08:15:26","guid":{"rendered":"https:\/\/list-broker.es\/?page_id=1500"},"modified":"2025-02-13T11:01:06","modified_gmt":"2025-02-13T11:01:06","slug":"politica-de-privacidad","status":"publish","type":"page","link":"https:\/\/list-broker.es\/en\/politica-de-privacidad\/","title":{"rendered":"Pol\u00edtica de Privacidad"},"content":{"rendered":"<div class=\"elementor-element elementor-element-a6f6751 elementor-widget elementor-widget-text-editor is-mac\" data-id=\"a6f6751\" data-element_type=\"widget\" data-widget_type=\"text-editor.default\">\n<div class=\"elementor-widget-container\">\n<p><strong>Qui\u00e9n es el Responsable de tratamiento de sus datos:<\/strong><\/p>\n<p>El responsable de tratamiento se encuentra identificado en el expositivo 1 de este Aviso Legal.<\/p>\n<p>Qu\u00e9 tipo de datos tenemos sobre su persona y c\u00f3mo los hemos obtenido<\/p>\n<p>Las categor\u00edas de datos personales que tratamos de clientes y proveedores son:<\/p>\n<ol>\n<li>Datos de identificaci\u00f3n<\/li>\n<li>Direcciones postales o electr\u00f3nicas<\/li>\n<li>Informaci\u00f3n comercial<\/li>\n<li>Datos econ\u00f3micos y de transacciones<\/li>\n<\/ol>\n<div><\/div>\n<p><strong>En ning\u00fan caso tratamos datos especialmente protegidos:<\/strong><\/p>\n<p>Todos los datos arriba mencionados los hemos obtenido o directamente de Usted mediante la presentaci\u00f3n de una oferta comercial, propuesta contractual, etc. o mediante su empresa al facilitarnos los datos de identificaci\u00f3n y dem\u00e1s informaci\u00f3n necesaria para llevar al cabo el objeto de la relaci\u00f3n contractual entre las partes.<\/p>\n<p>&nbsp;<\/p>\n<p><strong>Con qu\u00e9 finalidad tratamos sus datos:<\/strong><\/p>\n<p>Tratamos los datos que nos facilitan las personas interesadas con el fin de gestionar distintas actividades derivadas de procedimientos espec\u00edficos realizados en materia de ventas, servicio post venta, gesti\u00f3n de proveedores, calidad de servicios, etc. De esta manera, utilizaremos sus datos para llevar a cabo alguna de las siguientes acciones:<\/p>\n<ol>\n<li>Env\u00edo de la informaci\u00f3n que nos soliciten mediante el formulario de contacto de nuestra p\u00e1gina web o cualquier otro medio de contacto con nuestra empresa,<\/li>\n<li>Facilitar tanto a los clientes potenciales como a nuestros clientes, ofertas de productos y servicios de su inter\u00e9s.<\/li>\n<li>\u00a0Llevar a cabo la gesti\u00f3n administrativa, fiscal y contable de nuestros clientes y\/o proveedores,<\/li>\n<li>Llevar a cabo encuestas de satisfacci\u00f3n, estudios de mercado, etc. con el fin de poder ofrecerle las ofertas m\u00e1s adecuadas y una calidad optimizada de servicio, etc.<\/li>\n<\/ol>\n<p><strong>Por cu\u00e1nto tiempo conservaremos sus datos:<\/strong><\/p>\n<p>Los datos proporcionados por nuestros clientes y proveedores se conservar\u00e1n mientras se mantenga la relaci\u00f3n mercantil entre las partes.<\/p>\n<p><strong>Cu\u00e1l es la base de legitimaci\u00f3n para el tratamiento de sus datos<\/strong><\/p>\n<p>Seg\u00fan tipo de tratamiento de datos la base de legitimaci\u00f3n es la siguiente<\/p>\n<\/div>\n<\/div>\n<section class=\"elementor-section elementor-inner-section elementor-element elementor-element-a16b4ff elementor-section-boxed elementor-section-height-default elementor-section-height-default\" data-id=\"a16b4ff\" data-element_type=\"section\">\n<div class=\"elementor-container elementor-column-gap-default\">\n<div class=\"elementor-column elementor-col-50 elementor-inner-column elementor-element elementor-element-e3eaa3c\" data-id=\"e3eaa3c\" data-element_type=\"column\">\n<div class=\"elementor-widget-wrap elementor-element-populated\">\n<div class=\"elementor-element elementor-element-7f3b4c1 elementor-widget elementor-widget-heading is-mac\" data-id=\"7f3b4c1\" data-element_type=\"widget\" data-widget_type=\"heading.default\">\n<div class=\"elementor-widget-container\">\n<p class=\"elementor-heading-title elementor-size-default\">TRATAMIENTO<\/p>\n<\/div>\n<\/div>\n<\/div>\n<\/div>\n<div class=\"elementor-column elementor-col-50 elementor-inner-column elementor-element elementor-element-96bdcba\" data-id=\"96bdcba\" data-element_type=\"column\">\n<div class=\"elementor-widget-wrap elementor-element-populated\">\n<div class=\"elementor-element elementor-element-314697b elementor-widget elementor-widget-heading is-mac\" data-id=\"314697b\" data-element_type=\"widget\" data-widget_type=\"heading.default\">\n<div class=\"elementor-widget-container\">\n<p class=\"elementor-heading-title elementor-size-default\">BASE DE LEGITIMACI\u00d3N<\/p>\n<\/div>\n<\/div>\n<\/div>\n<\/div>\n<\/div>\n<\/section>\n<section class=\"elementor-section elementor-inner-section elementor-element elementor-element-5c00a2b elementor-section-boxed elementor-section-height-default elementor-section-height-default\" data-id=\"5c00a2b\" data-element_type=\"section\">\n<div class=\"elementor-container elementor-column-gap-default\">\n<div class=\"elementor-column elementor-col-50 elementor-inner-column elementor-element elementor-element-f548253\" data-id=\"f548253\" data-element_type=\"column\">\n<div class=\"elementor-widget-wrap elementor-element-populated\">\n<div class=\"elementor-element elementor-element-f693fc7 elementor-widget elementor-widget-text-editor is-mac\" data-id=\"f693fc7\" data-element_type=\"widget\" data-widget_type=\"text-editor.default\">\n<div class=\"elementor-widget-container\">\n<p><strong>Gesti\u00f3n Contable:<\/strong>\u00a0gesti\u00f3n de facturaci\u00f3n con clientes y\/o proveedores.<\/p>\n<\/div>\n<\/div>\n<\/div>\n<\/div>\n<div class=\"elementor-column elementor-col-50 elementor-inner-column elementor-element elementor-element-5883ebc\" data-id=\"5883ebc\" data-element_type=\"column\">\n<div class=\"elementor-widget-wrap elementor-element-populated\">\n<div class=\"elementor-element elementor-element-4d87091 elementor-widget elementor-widget-text-editor is-mac\" data-id=\"4d87091\" data-element_type=\"widget\" data-widget_type=\"text-editor.default\">\n<div class=\"elementor-widget-container\">\n<p>Mantenimiento, desarrollo y control de la relaci\u00f3n contractual entre las partes.<\/p>\n<\/div>\n<\/div>\n<\/div>\n<\/div>\n<\/div>\n<\/section>\n<section class=\"elementor-section elementor-inner-section elementor-element elementor-element-4d2c6df elementor-section-boxed elementor-section-height-default elementor-section-height-default\" data-id=\"4d2c6df\" data-element_type=\"section\">\n<div class=\"elementor-container elementor-column-gap-default\">\n<div class=\"elementor-column elementor-col-50 elementor-inner-column elementor-element elementor-element-526bcfc\" data-id=\"526bcfc\" data-element_type=\"column\">\n<div class=\"elementor-widget-wrap elementor-element-populated\">\n<div class=\"elementor-element elementor-element-650430f elementor-widget elementor-widget-text-editor is-mac\" data-id=\"650430f\" data-element_type=\"widget\" data-widget_type=\"text-editor.default\">\n<div class=\"elementor-widget-container\">\n<p><strong>Gesti\u00f3n fiscal:<\/strong>\u00a0aplicaci\u00f3n de retenciones, bonificaciones, etc.<\/p>\n<\/div>\n<\/div>\n<\/div>\n<\/div>\n<div class=\"elementor-column elementor-col-50 elementor-inner-column elementor-element elementor-element-876d4b6\" data-id=\"876d4b6\" data-element_type=\"column\">\n<div class=\"elementor-widget-wrap elementor-element-populated\">\n<div class=\"elementor-element elementor-element-6f8a711 elementor-widget elementor-widget-text-editor is-mac\" data-id=\"6f8a711\" data-element_type=\"widget\" data-widget_type=\"text-editor.default\">\n<div class=\"elementor-widget-container\">\n<p>Mantenimiento, desarrollo y control de la relaci\u00f3n contractual entre las partes; Cumplimiento obligaciones legales.<\/p>\n<\/div>\n<\/div>\n<\/div>\n<\/div>\n<\/div>\n<\/section>\n<section class=\"elementor-section elementor-inner-section elementor-element elementor-element-91d10a9 elementor-section-boxed elementor-section-height-default elementor-section-height-default\" data-id=\"91d10a9\" data-element_type=\"section\">\n<div class=\"elementor-container elementor-column-gap-default\">\n<div class=\"elementor-column elementor-col-50 elementor-inner-column elementor-element elementor-element-730832a\" data-id=\"730832a\" data-element_type=\"column\">\n<div class=\"elementor-widget-wrap elementor-element-populated\">\n<div class=\"elementor-element elementor-element-0e7021d elementor-widget elementor-widget-text-editor is-mac\" data-id=\"0e7021d\" data-element_type=\"widget\" data-widget_type=\"text-editor.default\">\n<div class=\"elementor-widget-container\"><\/div>\n<\/div>\n<\/div>\n<\/div>\n<div class=\"elementor-column elementor-col-50 elementor-inner-column elementor-element elementor-element-861489f\" data-id=\"861489f\" data-element_type=\"column\">\n<div class=\"elementor-widget-wrap elementor-element-populated\">\n<div class=\"elementor-element elementor-element-d7387eb elementor-widget elementor-widget-text-editor is-mac\" data-id=\"d7387eb\" data-element_type=\"widget\" data-widget_type=\"text-editor.default\">\n<div class=\"elementor-widget-container\">\n<p>Mantenimiento, desarrollo y control de la relaci\u00f3n contractual entre las partes.<\/p>\n<\/div>\n<\/div>\n<\/div>\n<\/div>\n<\/div>\n<\/section>\n<section class=\"elementor-section elementor-inner-section elementor-element elementor-element-57f19bd elementor-section-boxed elementor-section-height-default elementor-section-height-default\" data-id=\"57f19bd\" data-element_type=\"section\">\n<div class=\"elementor-container elementor-column-gap-default\">\n<div class=\"elementor-column elementor-col-50 elementor-inner-column elementor-element elementor-element-9f85734\" data-id=\"9f85734\" data-element_type=\"column\">\n<div class=\"elementor-widget-wrap elementor-element-populated\">\n<div class=\"elementor-element elementor-element-ec6d8c4 elementor-widget elementor-widget-text-editor is-mac\" data-id=\"ec6d8c4\" data-element_type=\"widget\" data-widget_type=\"text-editor.default\">\n<div class=\"elementor-widget-container\">\n<p><strong>Marketing:<\/strong>\u00a0Acciones comerciales sobre nuestros productos o servicios dirigidas a nuestros clientes o aquellas personas que nos han solicitado informaci\u00f3n relativa en el pasado incluyendo la realizaci\u00f3n de encuestas de satisfacci\u00f3n a nuestros clientes.<\/p>\n<\/div>\n<\/div>\n<\/div>\n<\/div>\n<div class=\"elementor-column elementor-col-50 elementor-inner-column elementor-element elementor-element-c5be6d6\" data-id=\"c5be6d6\" data-element_type=\"column\">\n<div class=\"elementor-widget-wrap elementor-element-populated\">\n<div class=\"elementor-element elementor-element-30dcac3 elementor-widget elementor-widget-text-editor is-mac\" data-id=\"30dcac3\" data-element_type=\"widget\" data-widget_type=\"text-editor.default\">\n<div class=\"elementor-widget-container\">\n<p>Consentimiento libre e inequ\u00edvoco del propio interesado (clientes potenciales), le hacemos constar que la retirada de este consentimiento en ning\u00fan caso puede condicionar la ejecuci\u00f3n del contrato que hubiera entre las partes; inter\u00e9s leg\u00edtimo de la compa\u00f1\u00eda sobre la promoci\u00f3n y comercializaci\u00f3n de productos o servicios similares a los obtenidos o solicitados por las personas interesadas en el pasado.<\/p>\n<\/div>\n<\/div>\n<\/div>\n<\/div>\n<\/div>\n<\/section>\n<div class=\"elementor-element elementor-element-1f0ab44 elementor-widget elementor-widget-text-editor is-mac\" data-id=\"1f0ab44\" data-element_type=\"widget\" data-widget_type=\"text-editor.default\">\n<div class=\"elementor-widget-container\">\n<p><strong>A que destinatarios se comunicar\u00e1n sus datos:<\/strong><\/p>\n<p>No cederemos sus datos personales a ninguna empresa tercera que pretenda utilizarlos en sus acciones de marketing directo.<\/p>\n<p>Le informamos que podemos facilitar sus datos personales a organismos de la Administraci\u00f3n P\u00fablica y Autoridades competentes en aquellos casos en que nos requieran legalmente o en los casos en que, actuando de buena fe, consideremos que tal acci\u00f3n es razonablemente necesaria para cumplir con un proceso judicial; para contestar cualquier reclamaci\u00f3n o demanda jur\u00eddica; o para proteger los derechos de la empresa o sus clientes y el p\u00fablico en general.<\/p>\n<p>Le informamos que sus datos no van a ser cedidos o comunicados a terceros la empresa la \u00fanica responsable para su tratamiento y custodia.<\/p>\n<p><strong>\u00bfTransferencias de datos a terceros pa\u00edses?<\/strong><\/p>\n<p>No est\u00e1n previstas transferencias de datos a terceros pa\u00edses.<\/p>\n<p><strong>Cu\u00e1les son sus derechos como interesado:<\/strong><\/p>\n<p>Cualquier persona tiene derecho a obtener confirmaci\u00f3n sobre si estamos tratando datos personales que le conciernan, o no.<\/p>\n<p>En concreto, las personas interesadas pueden solicitar el derecho de acceso a sus datos personales, as\u00ed como recibirlos en un formato com\u00fan y lectura mecanizada si el tratamiento se efect\u00faa por medios electr\u00f3nicos (derecho de portabilidad).<\/p>\n<p>Asimismo, las personas interesadas pueden solicitar el derecho de rectificaci\u00f3n de los datos inexactos o, en su caso, solicitar su supresi\u00f3n cuando, entre otros motivos, los datos ya no sean necesarios para los fines que fueron recogidos.<\/p>\n<p>Complementariamente, en determinadas circunstancias, los interesados podr\u00e1n solicitar la limitaci\u00f3n del tratamiento de sus datos, o en determinadas circunstancias y por motivos relacionados con su situaci\u00f3n particular, los interesados podr\u00e1n ejercitar su derecho a oponerse al tratamiento de sus datos. Dejaremos de tratar los datos, salvo por motivos leg\u00edtimos imperiosos, o el ejercicio o la defensa de posibles reclamaciones o en aquellas excepciones establecidas en la normativa aplicable.<\/p>\n<p>Asimismo, le informamos que tiene derecho a retirar sus consentimientos otorgados en cualquier momento, sin que ello afecte a la licitud del tratamiento basado en el consentimiento previo a su retirada.<\/p>\n<p><a href=\"http:\/\/www.agpd.es\/portalwebAGPD\/index-ides-idphp.php\">http:\/\/www.agpd.es\/portalwebAGPD\/index-ides-idphp.php<\/a><\/p>\n<p>Por otro lado, de acuerdo con lo dispuesto en la Ley 34\/2002, de 11 de Julio, de Servicios de la Sociedad de Informaci\u00f3n y de Comercio Electr\u00f3nico, nos comprometemos a no enviar publicidad a trav\u00e9s del correo electr\u00f3nico sin haber recabado antes la expresa autorizaci\u00f3n del destinatario. El Usuario podr\u00e1 oponerse al env\u00edo de publicidad marcando la casilla correspondiente.<\/p>\n<p><strong>PROCEDIMIENTO EN CASO DE REALIZACI\u00d3N DE ACTIVIDADES DE CAR\u00c1CTER IL\u00cdCITO<\/strong><\/p>\n<p>En el caso de que cualquier usuario o un tercero considere que existen hechos o circunstancias que revelen el car\u00e1cter il\u00edcito de la utilizaci\u00f3n de cualquier contenido y\/o de la realizaci\u00f3n de cualquier actividad en las p\u00e1ginas web incluidas o accesibles a trav\u00e9s del sitio web, deber\u00e1 enviar una notificaci\u00f3n a EL PROPIETARIO DE LA WEB identific\u00e1ndose debidamente, especificando las supuestas infracciones y declarando expresamente y bajo su responsabilidad que la informaci\u00f3n proporcionada en la notificaci\u00f3n es exacta.<\/p>\n<p>Para toda cuesti\u00f3n litigiosa que incumba al sitio web de EL PROPIETARIO DE LA WEB, ser\u00e1 de aplicaci\u00f3n la legislaci\u00f3n espa\u00f1ola.<\/p>\n<p><strong>PUBLICACIONES<\/strong><\/p>\n<p>La informaci\u00f3n administrativa facilitada a trav\u00e9s del sitio web no sustituye la publicidad legal de las leyes, normativas, planes, disposiciones generales y actos que tengan que ser publicados formalmente a los diarios oficiales de las administraciones p\u00fablicas, que constituyen el \u00fanico instrumento que da fe de su autenticidad y contenido. La informaci\u00f3n disponible en este sitio web debe entenderse como una gu\u00eda sin prop\u00f3sito de validez legal.<\/p>\n<\/div>\n<\/div>","protected":false},"excerpt":{"rendered":"<p>Qui\u00e9n es el Responsable de tratamiento de sus datos: El responsable de tratamiento se encuentra identificado en el expositivo 1 de este Aviso Legal. Qu\u00e9 tipo de datos tenemos sobre su persona y c\u00f3mo los hemos obtenido Las categor\u00edas de datos personales que tratamos de clientes y proveedores son: Datos de identificaci\u00f3n Direcciones postales o [&hellip;]<\/p>\n","protected":false},"author":1,"featured_media":0,"parent":0,"menu_order":0,"comment_status":"closed","ping_status":"closed","template":"","meta":{"footnotes":""},"class_list":["post-1500","page","type-page","status-publish","hentry"],"yoast_head":"<!-- This site is optimized with the Yoast SEO plugin v27.5 - https:\/\/yoast.com\/product\/yoast-seo-wordpress\/ -->\n<title>Pol\u00edtica de Privacidad - RCR List Brokers<\/title>\n<meta name=\"robots\" content=\"noindex, nofollow\" \/>\n<meta property=\"og:locale\" content=\"en_GB\" \/>\n<meta property=\"og:type\" content=\"article\" \/>\n<meta property=\"og:title\" content=\"Pol\u00edtica de Privacidad - RCR List Brokers\" \/>\n<meta property=\"og:description\" content=\"Qui\u00e9n es el Responsable de tratamiento de sus datos: El responsable de tratamiento se encuentra identificado en el expositivo 1 de este Aviso Legal. Qu\u00e9 tipo de datos tenemos sobre su persona y c\u00f3mo los hemos obtenido Las categor\u00edas de datos personales que tratamos de clientes y proveedores son: Datos de identificaci\u00f3n Direcciones postales o [&hellip;]\" \/>\n<meta property=\"og:url\" content=\"https:\/\/list-broker.es\/en\/politica-de-privacidad\/\" \/>\n<meta property=\"og:site_name\" content=\"RCR List Brokers\" \/>\n<meta property=\"article:modified_time\" content=\"2025-02-13T11:01:06+00:00\" \/>\n<meta name=\"twitter:card\" content=\"summary_large_image\" \/>\n<meta name=\"twitter:label1\" content=\"Estimated reading time\" \/>\n\t<meta name=\"twitter:data1\" content=\"5 minutes\" \/>\n<script type=\"application\/ld+json\" class=\"yoast-schema-graph\">{\"@context\":\"https:\\\/\\\/schema.org\",\"@graph\":[{\"@type\":\"WebPage\",\"@id\":\"https:\\\/\\\/list-broker.es\\\/politica-de-privacidad\\\/\",\"url\":\"https:\\\/\\\/list-broker.es\\\/politica-de-privacidad\\\/\",\"name\":\"Pol\u00edtica de Privacidad - RCR List Brokers\",\"isPartOf\":{\"@id\":\"https:\\\/\\\/list-broker.es\\\/#website\"},\"datePublished\":\"2025-02-13T08:15:26+00:00\",\"dateModified\":\"2025-02-13T11:01:06+00:00\",\"breadcrumb\":{\"@id\":\"https:\\\/\\\/list-broker.es\\\/politica-de-privacidad\\\/#breadcrumb\"},\"inLanguage\":\"en-GB\",\"potentialAction\":[{\"@type\":\"ReadAction\",\"target\":[\"https:\\\/\\\/list-broker.es\\\/politica-de-privacidad\\\/\"]}]},{\"@type\":\"BreadcrumbList\",\"@id\":\"https:\\\/\\\/list-broker.es\\\/politica-de-privacidad\\\/#breadcrumb\",\"itemListElement\":[{\"@type\":\"ListItem\",\"position\":1,\"name\":\"Portada\",\"item\":\"https:\\\/\\\/list-broker.es\\\/\"},{\"@type\":\"ListItem\",\"position\":2,\"name\":\"Pol\u00edtica de Privacidad\"}]},{\"@type\":\"WebSite\",\"@id\":\"https:\\\/\\\/list-broker.es\\\/#website\",\"url\":\"https:\\\/\\\/list-broker.es\\\/\",\"name\":\"RCR List Brokers\",\"description\":\"Bases de datos y listados  de empresas\",\"publisher\":{\"@id\":\"https:\\\/\\\/list-broker.es\\\/#organization\"},\"potentialAction\":[{\"@type\":\"SearchAction\",\"target\":{\"@type\":\"EntryPoint\",\"urlTemplate\":\"https:\\\/\\\/list-broker.es\\\/?s={search_term_string}\"},\"query-input\":{\"@type\":\"PropertyValueSpecification\",\"valueRequired\":true,\"valueName\":\"search_term_string\"}}],\"inLanguage\":\"en-GB\"},{\"@type\":\"Organization\",\"@id\":\"https:\\\/\\\/list-broker.es\\\/#organization\",\"name\":\"RCR List Brokers\",\"url\":\"https:\\\/\\\/list-broker.es\\\/\",\"logo\":{\"@type\":\"ImageObject\",\"inLanguage\":\"en-GB\",\"@id\":\"https:\\\/\\\/list-broker.es\\\/#\\\/schema\\\/logo\\\/image\\\/\",\"url\":\"https:\\\/\\\/list-broker.es\\\/wp-content\\\/uploads\\\/2024\\\/12\\\/logo-rcr.png\",\"contentUrl\":\"https:\\\/\\\/list-broker.es\\\/wp-content\\\/uploads\\\/2024\\\/12\\\/logo-rcr.png\",\"width\":3500,\"height\":3300,\"caption\":\"RCR List Brokers\"},\"image\":{\"@id\":\"https:\\\/\\\/list-broker.es\\\/#\\\/schema\\\/logo\\\/image\\\/\"}}]}<\/script>\n<!-- \/ Yoast SEO plugin. -->","yoast_head_json":{"title":"Pol\u00edtica de Privacidad - RCR List Brokers","robots":{"index":"noindex","follow":"nofollow"},"og_locale":"en_GB","og_type":"article","og_title":"Pol\u00edtica de Privacidad - RCR List Brokers","og_description":"Qui\u00e9n es el Responsable de tratamiento de sus datos: El responsable de tratamiento se encuentra identificado en el expositivo 1 de este Aviso Legal. Qu\u00e9 tipo de datos tenemos sobre su persona y c\u00f3mo los hemos obtenido Las categor\u00edas de datos personales que tratamos de clientes y proveedores son: Datos de identificaci\u00f3n Direcciones postales o [&hellip;]","og_url":"https:\/\/list-broker.es\/en\/politica-de-privacidad\/","og_site_name":"RCR List Brokers","article_modified_time":"2025-02-13T11:01:06+00:00","twitter_card":"summary_large_image","twitter_misc":{"Estimated reading time":"5 minutes"},"schema":{"@context":"https:\/\/schema.org","@graph":[{"@type":"WebPage","@id":"https:\/\/list-broker.es\/politica-de-privacidad\/","url":"https:\/\/list-broker.es\/politica-de-privacidad\/","name":"Pol\u00edtica de Privacidad - RCR List Brokers","isPartOf":{"@id":"https:\/\/list-broker.es\/#website"},"datePublished":"2025-02-13T08:15:26+00:00","dateModified":"2025-02-13T11:01:06+00:00","breadcrumb":{"@id":"https:\/\/list-broker.es\/politica-de-privacidad\/#breadcrumb"},"inLanguage":"en-GB","potentialAction":[{"@type":"ReadAction","target":["https:\/\/list-broker.es\/politica-de-privacidad\/"]}]},{"@type":"BreadcrumbList","@id":"https:\/\/list-broker.es\/politica-de-privacidad\/#breadcrumb","itemListElement":[{"@type":"ListItem","position":1,"name":"Portada","item":"https:\/\/list-broker.es\/"},{"@type":"ListItem","position":2,"name":"Pol\u00edtica de Privacidad"}]},{"@type":"WebSite","@id":"https:\/\/list-broker.es\/#website","url":"https:\/\/list-broker.es\/","name":"RCR List Brokers","description":"Bases de datos y listados  de empresas","publisher":{"@id":"https:\/\/list-broker.es\/#organization"},"potentialAction":[{"@type":"SearchAction","target":{"@type":"EntryPoint","urlTemplate":"https:\/\/list-broker.es\/?s={search_term_string}"},"query-input":{"@type":"PropertyValueSpecification","valueRequired":true,"valueName":"search_term_string"}}],"inLanguage":"en-GB"},{"@type":"Organization","@id":"https:\/\/list-broker.es\/#organization","name":"RCR List Brokers","url":"https:\/\/list-broker.es\/","logo":{"@type":"ImageObject","inLanguage":"en-GB","@id":"https:\/\/list-broker.es\/#\/schema\/logo\/image\/","url":"https:\/\/list-broker.es\/wp-content\/uploads\/2024\/12\/logo-rcr.png","contentUrl":"https:\/\/list-broker.es\/wp-content\/uploads\/2024\/12\/logo-rcr.png","width":3500,"height":3300,"caption":"RCR List Brokers"},"image":{"@id":"https:\/\/list-broker.es\/#\/schema\/logo\/image\/"}}]}},"_links":{"self":[{"href":"https:\/\/list-broker.es\/en\/wp-json\/wp\/v2\/pages\/1500","targetHints":{"allow":["GET"]}}],"collection":[{"href":"https:\/\/list-broker.es\/en\/wp-json\/wp\/v2\/pages"}],"about":[{"href":"https:\/\/list-broker.es\/en\/wp-json\/wp\/v2\/types\/page"}],"author":[{"embeddable":true,"href":"https:\/\/list-broker.es\/en\/wp-json\/wp\/v2\/users\/1"}],"replies":[{"embeddable":true,"href":"https:\/\/list-broker.es\/en\/wp-json\/wp\/v2\/comments?post=1500"}],"version-history":[{"count":4,"href":"https:\/\/list-broker.es\/en\/wp-json\/wp\/v2\/pages\/1500\/revisions"}],"predecessor-version":[{"id":1510,"href":"https:\/\/list-broker.es\/en\/wp-json\/wp\/v2\/pages\/1500\/revisions\/1510"}],"wp:attachment":[{"href":"https:\/\/list-broker.es\/en\/wp-json\/wp\/v2\/media?parent=1500"}],"curies":[{"name":"wp","href":"https:\/\/api.w.org\/{rel}","templated":true}]}}