{"id":1592,"date":"2025-03-24T17:31:06","date_gmt":"2025-03-24T17:31:06","guid":{"rendered":"https:\/\/list-broker.es\/?page_id=1592"},"modified":"2025-03-24T18:42:10","modified_gmt":"2025-03-24T18:42:10","slug":"landing-campanas-de-exito","status":"publish","type":"page","link":"https:\/\/list-broker.es\/en\/landing-campanas-de-exito\/","title":{"rendered":"LANDING campa\u00f1as de exito"},"content":{"rendered":"<div data-elementor-type=\"wp-page\" data-elementor-id=\"1592\" class=\"elementor elementor-1592\" data-elementor-post-type=\"page\">\n\t\t\t\t<div class=\"elementor-element elementor-element-b6eca50 e-flex e-con-boxed e-con e-parent\" data-id=\"b6eca50\" data-element_type=\"container\" data-e-type=\"container\">\n\t\t\t\t\t<div class=\"e-con-inner\">\n\t\t\t\t<div class=\"elementor-element elementor-element-e8b21ff elementor-widget elementor-widget-heading\" data-id=\"e8b21ff\" data-element_type=\"widget\" data-e-type=\"widget\" data-widget_type=\"heading.default\">\n\t\t\t\t<div class=\"elementor-widget-container\">\n\t\t\t\t\t<h2 class=\"elementor-heading-title elementor-size-default\">Empresas internacionales nos confian sus campa\u00f1as de<br>MARKETING DIRECTO b2b en Espa\u00f1a<\/h2>\t\t\t\t<\/div>\n\t\t\t\t<\/div>\n\t\t\t\t\t<\/div>\n\t\t\t\t<\/div>\n\t\t<div class=\"elementor-element elementor-element-71f5788 e-flex e-con-boxed e-con e-parent\" data-id=\"71f5788\" data-element_type=\"container\" data-e-type=\"container\">\n\t\t\t\t\t<div class=\"e-con-inner\">\n\t\t<div class=\"elementor-element elementor-element-3f52408 e-con-full e-flex e-con e-child\" data-id=\"3f52408\" data-element_type=\"container\" data-e-type=\"container\">\n\t\t\t\t<div class=\"elementor-element elementor-element-34d22e7 elementor-widget elementor-widget-image\" data-id=\"34d22e7\" data-element_type=\"widget\" data-e-type=\"widget\" data-widget_type=\"image.default\">\n\t\t\t\t<div class=\"elementor-widget-container\">\n\t\t\t\t\t\t\t\t\t\t\t\t\t\t\t<img fetchpriority=\"high\" decoding=\"async\" width=\"299\" height=\"1024\" src=\"https:\/\/list-broker.es\/wp-content\/uploads\/2025\/03\/Natexpo-299x1024.png\" class=\"attachment-large size-large wp-image-1598\" alt=\"\" srcset=\"https:\/\/list-broker.es\/wp-content\/uploads\/2025\/03\/Natexpo-299x1024.png 299w, https:\/\/list-broker.es\/wp-content\/uploads\/2025\/03\/Natexpo-88x300.png 88w, https:\/\/list-broker.es\/wp-content\/uploads\/2025\/03\/Natexpo-768x2627.png 768w, https:\/\/list-broker.es\/wp-content\/uploads\/2025\/03\/Natexpo-449x1536.png 449w, https:\/\/list-broker.es\/wp-content\/uploads\/2025\/03\/Natexpo.png 1024w\" sizes=\"(max-width: 299px) 100vw, 299px\" \/>\t\t\t\t\t\t\t\t\t\t\t\t\t\t\t<\/div>\n\t\t\t\t<\/div>\n\t\t\t\t<\/div>\n\t\t<div class=\"elementor-element elementor-element-1b46eaa e-con-full e-flex e-con e-child\" data-id=\"1b46eaa\" data-element_type=\"container\" data-e-type=\"container\">\n\t\t\t\t<div class=\"elementor-element elementor-element-a871ca8 elementor-widget elementor-widget-image\" data-id=\"a871ca8\" data-element_type=\"widget\" data-e-type=\"widget\" data-widget_type=\"image.default\">\n\t\t\t\t<div class=\"elementor-widget-container\">\n\t\t\t\t\t\t\t\t\t\t\t\t\t\t\t<img decoding=\"async\" width=\"446\" height=\"1024\" src=\"https:\/\/list-broker.es\/wp-content\/uploads\/2025\/03\/REG95551_Spaces__Barcelona-446x1024.png\" class=\"attachment-large size-large wp-image-1597\" alt=\"\" srcset=\"https:\/\/list-broker.es\/wp-content\/uploads\/2025\/03\/REG95551_Spaces__Barcelona-446x1024.png 446w, https:\/\/list-broker.es\/wp-content\/uploads\/2025\/03\/REG95551_Spaces__Barcelona-131x300.png 131w, https:\/\/list-broker.es\/wp-content\/uploads\/2025\/03\/REG95551_Spaces__Barcelona-768x1764.png 768w, https:\/\/list-broker.es\/wp-content\/uploads\/2025\/03\/REG95551_Spaces__Barcelona-669x1536.png 669w, https:\/\/list-broker.es\/wp-content\/uploads\/2025\/03\/REG95551_Spaces__Barcelona-892x2048.png 892w, https:\/\/list-broker.es\/wp-content\/uploads\/2025\/03\/REG95551_Spaces__Barcelona-5x12.png 5w, https:\/\/list-broker.es\/wp-content\/uploads\/2025\/03\/REG95551_Spaces__Barcelona.png 1024w\" sizes=\"(max-width: 446px) 100vw, 446px\" \/>\t\t\t\t\t\t\t\t\t\t\t\t\t\t\t<\/div>\n\t\t\t\t<\/div>\n\t\t\t\t<\/div>\n\t\t<div class=\"elementor-element elementor-element-0338ea4 e-con-full e-flex e-con e-child\" data-id=\"0338ea4\" data-element_type=\"container\" data-e-type=\"container\">\n\t\t\t\t<div class=\"elementor-element elementor-element-083d70c elementor-widget elementor-widget-image\" data-id=\"083d70c\" data-element_type=\"widget\" data-e-type=\"widget\" data-widget_type=\"image.default\">\n\t\t\t\t<div class=\"elementor-widget-container\">\n\t\t\t\t\t\t\t\t\t\t\t\t\t\t\t<img decoding=\"async\" width=\"404\" height=\"1024\" src=\"https:\/\/list-broker.es\/wp-content\/uploads\/2025\/03\/REG95551_Regu2s_Madrid-404x1024.png\" class=\"attachment-large size-large wp-image-1595\" alt=\"\" srcset=\"https:\/\/list-broker.es\/wp-content\/uploads\/2025\/03\/REG95551_Regu2s_Madrid-404x1024.png 404w, https:\/\/list-broker.es\/wp-content\/uploads\/2025\/03\/REG95551_Regu2s_Madrid-118x300.png 118w, https:\/\/list-broker.es\/wp-content\/uploads\/2025\/03\/REG95551_Regu2s_Madrid-768x1947.png 768w, https:\/\/list-broker.es\/wp-content\/uploads\/2025\/03\/REG95551_Regu2s_Madrid-606x1536.png 606w, https:\/\/list-broker.es\/wp-content\/uploads\/2025\/03\/REG95551_Regu2s_Madrid-808x2048.png 808w, https:\/\/list-broker.es\/wp-content\/uploads\/2025\/03\/REG95551_Regu2s_Madrid-5x12.png 5w, https:\/\/list-broker.es\/wp-content\/uploads\/2025\/03\/REG95551_Regu2s_Madrid.png 1024w\" sizes=\"(max-width: 404px) 100vw, 404px\" \/>\t\t\t\t\t\t\t\t\t\t\t\t\t\t\t<\/div>\n\t\t\t\t<\/div>\n\t\t\t\t<\/div>\n\t\t<div class=\"elementor-element elementor-element-55d9c09 e-con-full e-flex e-con e-child\" data-id=\"55d9c09\" data-element_type=\"container\" data-e-type=\"container\">\n\t\t\t\t<div class=\"elementor-element elementor-element-4a23468 elementor-widget elementor-widget-image\" data-id=\"4a23468\" data-element_type=\"widget\" data-e-type=\"widget\" data-widget_type=\"image.default\">\n\t\t\t\t<div class=\"elementor-widget-container\">\n\t\t\t\t\t\t\t\t\t\t\t\t\t\t\t<img loading=\"lazy\" decoding=\"async\" width=\"454\" height=\"1024\" src=\"https:\/\/list-broker.es\/wp-content\/uploads\/2025\/03\/112031_EDM_ANNA_regusBARCELONA-454x1024.png\" class=\"attachment-large size-large wp-image-1596\" alt=\"\" srcset=\"https:\/\/list-broker.es\/wp-content\/uploads\/2025\/03\/112031_EDM_ANNA_regusBARCELONA-454x1024.png 454w, https:\/\/list-broker.es\/wp-content\/uploads\/2025\/03\/112031_EDM_ANNA_regusBARCELONA-133x300.png 133w, https:\/\/list-broker.es\/wp-content\/uploads\/2025\/03\/112031_EDM_ANNA_regusBARCELONA-768x1733.png 768w, https:\/\/list-broker.es\/wp-content\/uploads\/2025\/03\/112031_EDM_ANNA_regusBARCELONA-681x1536.png 681w, https:\/\/list-broker.es\/wp-content\/uploads\/2025\/03\/112031_EDM_ANNA_regusBARCELONA-907x2048.png 907w, https:\/\/list-broker.es\/wp-content\/uploads\/2025\/03\/112031_EDM_ANNA_regusBARCELONA-5x12.png 5w, https:\/\/list-broker.es\/wp-content\/uploads\/2025\/03\/112031_EDM_ANNA_regusBARCELONA.png 1024w\" sizes=\"(max-width: 454px) 100vw, 454px\" \/>\t\t\t\t\t\t\t\t\t\t\t\t\t\t\t<\/div>\n\t\t\t\t<\/div>\n\t\t\t\t<\/div>\n\t\t\t\t\t<\/div>\n\t\t\t\t<\/div>\n\t\t<div class=\"elementor-element elementor-element-336fc1f e-flex e-con-boxed e-con e-parent\" data-id=\"336fc1f\" data-element_type=\"container\" data-e-type=\"container\">\n\t\t\t\t\t<div class=\"e-con-inner\">\n\t\t\t\t<div class=\"elementor-element elementor-element-4a83198 elementor-align-center elementor-widget elementor-widget-button\" data-id=\"4a83198\" data-element_type=\"widget\" data-e-type=\"widget\" data-widget_type=\"button.default\">\n\t\t\t\t<div class=\"elementor-widget-container\">\n\t\t\t\t\t\t\t\t\t<div class=\"elementor-button-wrapper\">\n\t\t\t\t\t<a class=\"elementor-button elementor-button-link elementor-size-sm\" href=\"https:\/\/list-broker.es\/en\/contact\/\">\n\t\t\t\t\t\t<span class=\"elementor-button-content-wrapper\">\n\t\t\t\t\t\t\t\t\t<span class=\"elementor-button-text\">m\u00e1s info AQU\u00cd<\/span>\n\t\t\t\t\t<\/span>\n\t\t\t\t\t<\/a>\n\t\t\t\t<\/div>\n\t\t\t\t\t\t\t\t<\/div>\n\t\t\t\t<\/div>\n\t\t\t\t\t<\/div>\n\t\t\t\t<\/div>\n\t\t\t\t<\/div>","protected":false},"excerpt":{"rendered":"<p>Empresas internacionales nos confian sus campa\u00f1as deMARKETING DIRECTO b2b en Espa\u00f1a m\u00e1s info AQU\u00cd<\/p>","protected":false},"author":2,"featured_media":0,"parent":0,"menu_order":0,"comment_status":"closed","ping_status":"closed","template":"","meta":{"footnotes":""},"class_list":["post-1592","page","type-page","status-publish","hentry"],"yoast_head":"<!-- This site is optimized with the Yoast SEO plugin v27.2 - https:\/\/yoast.com\/product\/yoast-seo-wordpress\/ -->\n<title>LANDING campa\u00f1as de exito - RCR List Brokers<\/title>\n<meta name=\"robots\" content=\"index, follow, max-snippet:-1, max-image-preview:large, max-video-preview:-1\" \/>\n<link rel=\"canonical\" href=\"https:\/\/list-broker.es\/en\/landing-campanas-de-exito\/\" \/>\n<meta property=\"og:locale\" content=\"en_GB\" \/>\n<meta property=\"og:type\" content=\"article\" \/>\n<meta property=\"og:title\" content=\"LANDING campa\u00f1as de exito - RCR List Brokers\" \/>\n<meta property=\"og:description\" content=\"Empresas internacionales nos confian sus campa\u00f1as deMARKETING DIRECTO b2b en Espa\u00f1a m\u00e1s info AQU\u00cd\" \/>\n<meta property=\"og:url\" content=\"https:\/\/list-broker.es\/en\/landing-campanas-de-exito\/\" \/>\n<meta property=\"og:site_name\" content=\"RCR List Brokers\" \/>\n<meta property=\"article:modified_time\" content=\"2025-03-24T18:42:10+00:00\" \/>\n<meta property=\"og:image\" content=\"https:\/\/list-broker.es\/wp-content\/uploads\/2025\/03\/Natexpo.png\" \/>\n\t<meta property=\"og:image:width\" content=\"1024\" \/>\n\t<meta property=\"og:image:height\" content=\"3503\" \/>\n\t<meta property=\"og:image:type\" content=\"image\/png\" \/>\n<meta name=\"twitter:card\" content=\"summary_large_image\" \/>\n<meta name=\"twitter:label1\" content=\"Estimated reading time\" \/>\n\t<meta name=\"twitter:data1\" content=\"1 minute\" \/>\n<script type=\"application\/ld+json\" class=\"yoast-schema-graph\">{\"@context\":\"https:\/\/schema.org\",\"@graph\":[{\"@type\":\"WebPage\",\"@id\":\"https:\/\/list-broker.es\/landing-campanas-de-exito\/\",\"url\":\"https:\/\/list-broker.es\/landing-campanas-de-exito\/\",\"name\":\"LANDING campa\u00f1as de exito - RCR List Brokers\",\"isPartOf\":{\"@id\":\"https:\/\/list-broker.es\/#website\"},\"primaryImageOfPage\":{\"@id\":\"https:\/\/list-broker.es\/landing-campanas-de-exito\/#primaryimage\"},\"image\":{\"@id\":\"https:\/\/list-broker.es\/landing-campanas-de-exito\/#primaryimage\"},\"thumbnailUrl\":\"https:\/\/list-broker.es\/wp-content\/uploads\/2025\/03\/Natexpo-299x1024.png\",\"datePublished\":\"2025-03-24T17:31:06+00:00\",\"dateModified\":\"2025-03-24T18:42:10+00:00\",\"breadcrumb\":{\"@id\":\"https:\/\/list-broker.es\/landing-campanas-de-exito\/#breadcrumb\"},\"inLanguage\":\"en-GB\",\"potentialAction\":[{\"@type\":\"ReadAction\",\"target\":[\"https:\/\/list-broker.es\/landing-campanas-de-exito\/\"]}]},{\"@type\":\"ImageObject\",\"inLanguage\":\"en-GB\",\"@id\":\"https:\/\/list-broker.es\/landing-campanas-de-exito\/#primaryimage\",\"url\":\"https:\/\/list-broker.es\/wp-content\/uploads\/2025\/03\/Natexpo-299x1024.png\",\"contentUrl\":\"https:\/\/list-broker.es\/wp-content\/uploads\/2025\/03\/Natexpo-299x1024.png\"},{\"@type\":\"BreadcrumbList\",\"@id\":\"https:\/\/list-broker.es\/landing-campanas-de-exito\/#breadcrumb\",\"itemListElement\":[{\"@type\":\"ListItem\",\"position\":1,\"name\":\"Portada\",\"item\":\"https:\/\/list-broker.es\/\"},{\"@type\":\"ListItem\",\"position\":2,\"name\":\"LANDING campa\u00f1as de exito\"}]},{\"@type\":\"WebSite\",\"@id\":\"https:\/\/list-broker.es\/#website\",\"url\":\"https:\/\/list-broker.es\/\",\"name\":\"RCR List Brokers\",\"description\":\"Bases de datos y listados  de empresas\",\"publisher\":{\"@id\":\"https:\/\/list-broker.es\/#organization\"},\"potentialAction\":[{\"@type\":\"SearchAction\",\"target\":{\"@type\":\"EntryPoint\",\"urlTemplate\":\"https:\/\/list-broker.es\/?s={search_term_string}\"},\"query-input\":{\"@type\":\"PropertyValueSpecification\",\"valueRequired\":true,\"valueName\":\"search_term_string\"}}],\"inLanguage\":\"en-GB\"},{\"@type\":\"Organization\",\"@id\":\"https:\/\/list-broker.es\/#organization\",\"name\":\"RCR List Brokers\",\"url\":\"https:\/\/list-broker.es\/\",\"logo\":{\"@type\":\"ImageObject\",\"inLanguage\":\"en-GB\",\"@id\":\"https:\/\/list-broker.es\/#\/schema\/logo\/image\/\",\"url\":\"https:\/\/list-broker.es\/wp-content\/uploads\/2024\/12\/logo-rcr.png\",\"contentUrl\":\"https:\/\/list-broker.es\/wp-content\/uploads\/2024\/12\/logo-rcr.png\",\"width\":3500,\"height\":3300,\"caption\":\"RCR List Brokers\"},\"image\":{\"@id\":\"https:\/\/list-broker.es\/#\/schema\/logo\/image\/\"}}]}<\/script>\n<!-- \/ Yoast SEO plugin. -->","yoast_head_json":{"title":"LANDING campa\u00f1as de exito - RCR List Brokers","robots":{"index":"index","follow":"follow","max-snippet":"max-snippet:-1","max-image-preview":"max-image-preview:large","max-video-preview":"max-video-preview:-1"},"canonical":"https:\/\/list-broker.es\/en\/landing-campanas-de-exito\/","og_locale":"en_GB","og_type":"article","og_title":"LANDING campa\u00f1as de exito - RCR List Brokers","og_description":"Empresas internacionales nos confian sus campa\u00f1as deMARKETING DIRECTO b2b en Espa\u00f1a m\u00e1s info AQU\u00cd","og_url":"https:\/\/list-broker.es\/en\/landing-campanas-de-exito\/","og_site_name":"RCR List Brokers","article_modified_time":"2025-03-24T18:42:10+00:00","og_image":[{"width":1024,"height":3503,"url":"https:\/\/list-broker.es\/wp-content\/uploads\/2025\/03\/Natexpo.png","type":"image\/png"}],"twitter_card":"summary_large_image","twitter_misc":{"Estimated reading time":"1 minute"},"schema":{"@context":"https:\/\/schema.org","@graph":[{"@type":"WebPage","@id":"https:\/\/list-broker.es\/landing-campanas-de-exito\/","url":"https:\/\/list-broker.es\/landing-campanas-de-exito\/","name":"LANDING campa\u00f1as de exito - RCR List Brokers","isPartOf":{"@id":"https:\/\/list-broker.es\/#website"},"primaryImageOfPage":{"@id":"https:\/\/list-broker.es\/landing-campanas-de-exito\/#primaryimage"},"image":{"@id":"https:\/\/list-broker.es\/landing-campanas-de-exito\/#primaryimage"},"thumbnailUrl":"https:\/\/list-broker.es\/wp-content\/uploads\/2025\/03\/Natexpo-299x1024.png","datePublished":"2025-03-24T17:31:06+00:00","dateModified":"2025-03-24T18:42:10+00:00","breadcrumb":{"@id":"https:\/\/list-broker.es\/landing-campanas-de-exito\/#breadcrumb"},"inLanguage":"en-GB","potentialAction":[{"@type":"ReadAction","target":["https:\/\/list-broker.es\/landing-campanas-de-exito\/"]}]},{"@type":"ImageObject","inLanguage":"en-GB","@id":"https:\/\/list-broker.es\/landing-campanas-de-exito\/#primaryimage","url":"https:\/\/list-broker.es\/wp-content\/uploads\/2025\/03\/Natexpo-299x1024.png","contentUrl":"https:\/\/list-broker.es\/wp-content\/uploads\/2025\/03\/Natexpo-299x1024.png"},{"@type":"BreadcrumbList","@id":"https:\/\/list-broker.es\/landing-campanas-de-exito\/#breadcrumb","itemListElement":[{"@type":"ListItem","position":1,"name":"Portada","item":"https:\/\/list-broker.es\/"},{"@type":"ListItem","position":2,"name":"LANDING campa\u00f1as de exito"}]},{"@type":"WebSite","@id":"https:\/\/list-broker.es\/#website","url":"https:\/\/list-broker.es\/","name":"RCR List Brokers","description":"Bases de datos y listados  de empresas","publisher":{"@id":"https:\/\/list-broker.es\/#organization"},"potentialAction":[{"@type":"SearchAction","target":{"@type":"EntryPoint","urlTemplate":"https:\/\/list-broker.es\/?s={search_term_string}"},"query-input":{"@type":"PropertyValueSpecification","valueRequired":true,"valueName":"search_term_string"}}],"inLanguage":"en-GB"},{"@type":"Organization","@id":"https:\/\/list-broker.es\/#organization","name":"RCR List Brokers","url":"https:\/\/list-broker.es\/","logo":{"@type":"ImageObject","inLanguage":"en-GB","@id":"https:\/\/list-broker.es\/#\/schema\/logo\/image\/","url":"https:\/\/list-broker.es\/wp-content\/uploads\/2024\/12\/logo-rcr.png","contentUrl":"https:\/\/list-broker.es\/wp-content\/uploads\/2024\/12\/logo-rcr.png","width":3500,"height":3300,"caption":"RCR List Brokers"},"image":{"@id":"https:\/\/list-broker.es\/#\/schema\/logo\/image\/"}}]}},"_links":{"self":[{"href":"https:\/\/list-broker.es\/en\/wp-json\/wp\/v2\/pages\/1592","targetHints":{"allow":["GET"]}}],"collection":[{"href":"https:\/\/list-broker.es\/en\/wp-json\/wp\/v2\/pages"}],"about":[{"href":"https:\/\/list-broker.es\/en\/wp-json\/wp\/v2\/types\/page"}],"author":[{"embeddable":true,"href":"https:\/\/list-broker.es\/en\/wp-json\/wp\/v2\/users\/2"}],"replies":[{"embeddable":true,"href":"https:\/\/list-broker.es\/en\/wp-json\/wp\/v2\/comments?post=1592"}],"version-history":[{"count":39,"href":"https:\/\/list-broker.es\/en\/wp-json\/wp\/v2\/pages\/1592\/revisions"}],"predecessor-version":[{"id":1644,"href":"https:\/\/list-broker.es\/en\/wp-json\/wp\/v2\/pages\/1592\/revisions\/1644"}],"wp:attachment":[{"href":"https:\/\/list-broker.es\/en\/wp-json\/wp\/v2\/media?parent=1592"}],"curies":[{"name":"wp","href":"https:\/\/api.w.org\/{rel}","templated":true}]}}