{"id":1875,"date":"2025-06-05T08:28:41","date_gmt":"2025-06-05T08:28:41","guid":{"rendered":"https:\/\/list-broker.es\/?page_id=1875"},"modified":"2025-06-05T10:02:31","modified_gmt":"2025-06-05T10:02:31","slug":"landing-leads-ai","status":"publish","type":"page","link":"https:\/\/list-broker.es\/en\/landing-leads-ai\/","title":{"rendered":"LANDING LEADS AI"},"content":{"rendered":"<div data-elementor-type=\"wp-page\" data-elementor-id=\"1875\" class=\"elementor elementor-1875\" data-elementor-post-type=\"page\">\n\t\t\t\t<div class=\"elementor-element elementor-element-50c070b e-flex e-con-boxed e-con e-parent\" data-id=\"50c070b\" data-element_type=\"container\" data-e-type=\"container\">\n\t\t\t\t\t<div class=\"e-con-inner\">\n\t\t\t\t<div class=\"elementor-element elementor-element-4a8e2e5 elementor-widget__width-initial elementor-widget elementor-widget-heading\" data-id=\"4a8e2e5\" data-element_type=\"widget\" data-e-type=\"widget\" data-widget_type=\"heading.default\">\n\t\t\t\t<div class=\"elementor-widget-container\">\n\t\t\t\t\t<h2 class=\"elementor-heading-title elementor-size-default\">LEADS<br> + INTELIGENCIA ARTIFICIAL<\/h2>\t\t\t\t<\/div>\n\t\t\t\t<\/div>\n\t\t\t\t<div class=\"elementor-element elementor-element-c69d459 elementor-widget__width-initial elementor-widget elementor-widget-heading\" data-id=\"c69d459\" data-element_type=\"widget\" data-e-type=\"widget\" data-widget_type=\"heading.default\">\n\t\t\t\t<div class=\"elementor-widget-container\">\n\t\t\t\t\t<h2 class=\"elementor-heading-title elementor-size-default\">En RCR disponemos de fuentes de datos que utilizan este sistema de captaci\u00f3n que nos permite confeccionar el target espec\u00edfico para cada producto o servicio.<\/h2>\t\t\t\t<\/div>\n\t\t\t\t<\/div>\n\t\t\t\t\t<\/div>\n\t\t\t\t<\/div>\n\t\t<div class=\"elementor-element elementor-element-afe5428 e-grid e-con-boxed e-con e-parent\" data-id=\"afe5428\" data-element_type=\"container\" data-e-type=\"container\">\n\t\t\t\t\t<div class=\"e-con-inner\">\n\t\t\t\t<div class=\"elementor-element elementor-element-4544c4a elementor-widget elementor-widget-image\" data-id=\"4544c4a\" data-element_type=\"widget\" data-e-type=\"widget\" data-widget_type=\"image.default\">\n\t\t\t\t<div class=\"elementor-widget-container\">\n\t\t\t\t\t\t\t\t\t\t\t\t\t\t\t<img fetchpriority=\"high\" decoding=\"async\" width=\"800\" height=\"800\" src=\"https:\/\/list-broker.es\/wp-content\/uploads\/2025\/06\/LEADS1-1-1024x1024.png\" class=\"attachment-large size-large wp-image-1877\" alt=\"\" srcset=\"https:\/\/list-broker.es\/wp-content\/uploads\/2025\/06\/LEADS1-1-1024x1024.png 1024w, https:\/\/list-broker.es\/wp-content\/uploads\/2025\/06\/LEADS1-1-300x300.png 300w, https:\/\/list-broker.es\/wp-content\/uploads\/2025\/06\/LEADS1-1-150x150.png 150w, https:\/\/list-broker.es\/wp-content\/uploads\/2025\/06\/LEADS1-1-768x768.png 768w, https:\/\/list-broker.es\/wp-content\/uploads\/2025\/06\/LEADS1-1-12x12.png 12w, https:\/\/list-broker.es\/wp-content\/uploads\/2025\/06\/LEADS1-1.png 1080w\" sizes=\"(max-width: 800px) 100vw, 800px\" \/>\t\t\t\t\t\t\t\t\t\t\t\t\t\t\t<\/div>\n\t\t\t\t<\/div>\n\t\t\t\t<div class=\"elementor-element elementor-element-0f810e0 elementor-widget elementor-widget-text-editor\" data-id=\"0f810e0\" data-element_type=\"widget\" data-e-type=\"widget\" data-widget_type=\"text-editor.default\">\n\t\t\t\t<div class=\"elementor-widget-container\">\n\t\t\t\t\t\t\t\t\t<p><b>\u00bfTe has preguntado alguna vez c\u00f3mo conseguir leads de<\/b> <b>calidad que realmente se conviertan en clientes?<\/b><\/p>\n<p><b><\/b>Hoy voy a explicar c\u00f3mo la <b>Inteligencia<\/b> <b>Artificial<\/b> se ha convertido en nuestra mejor aliada para generar prospers cualificados.<\/p>\n<p><b>I<\/b>magina poder identificar exactamente qui\u00e9n est\u00e1 realmente interesado en tu producto o servicio, antes incluso de contactarlos. Suena incre\u00edble, \u00bfverdad?<\/p>\t\t\t\t\t\t\t\t<\/div>\n\t\t\t\t<\/div>\n\t\t\t\t<div class=\"elementor-element elementor-element-40adf56 elementor-widget elementor-widget-text-editor\" data-id=\"40adf56\" data-element_type=\"widget\" data-e-type=\"widget\" data-widget_type=\"text-editor.default\">\n\t\t\t\t<div class=\"elementor-widget-container\">\n\t\t\t\t\t\t\t\t\t<p><b>L<\/b>a diferencia entre un lead cualquiera y un lead de calidad es como comparar una llamada fr\u00eda con una recomendaci\u00f3n personal. Los algoritmos de IA analizan patrones de comportamiento, intereses y necesidades espec\u00edficas para identificar a las personas que tienen una mayor probabilidad de convertirse en clientes.<\/p>\n<p><b>P<\/b>ero aqu\u00ed viene lo m\u00e1s interesante: la IA no solo identifica leads, sino que tambi\u00e9n predice su comportamiento de compra. Mediante el an\u00e1lisis de datos hist\u00f3ricos y el aprendizaje autom\u00e1tico, podemos saber cu\u00e1ndo un prospecto est\u00e1 listo para tomar una decisi\u00f3n de compra.<\/p>\n<p><\/p>\t\t\t\t\t\t\t\t<\/div>\n\t\t\t\t<\/div>\n\t\t\t\t<div class=\"elementor-element elementor-element-95fcedc elementor-widget elementor-widget-image\" data-id=\"95fcedc\" data-element_type=\"widget\" data-e-type=\"widget\" data-widget_type=\"image.default\">\n\t\t\t\t<div class=\"elementor-widget-container\">\n\t\t\t\t\t\t\t\t\t\t\t\t\t\t\t<img decoding=\"async\" width=\"800\" height=\"691\" src=\"https:\/\/list-broker.es\/wp-content\/uploads\/2025\/06\/LEADS2-1024x884.png\" class=\"attachment-large size-large wp-image-1878\" alt=\"\" srcset=\"https:\/\/list-broker.es\/wp-content\/uploads\/2025\/06\/LEADS2-1024x884.png 1024w, https:\/\/list-broker.es\/wp-content\/uploads\/2025\/06\/LEADS2-300x259.png 300w, https:\/\/list-broker.es\/wp-content\/uploads\/2025\/06\/LEADS2-768x663.png 768w, https:\/\/list-broker.es\/wp-content\/uploads\/2025\/06\/LEADS2-14x12.png 14w, https:\/\/list-broker.es\/wp-content\/uploads\/2025\/06\/LEADS2.png 1080w\" sizes=\"(max-width: 800px) 100vw, 800px\" \/>\t\t\t\t\t\t\t\t\t\t\t\t\t\t\t<\/div>\n\t\t\t\t<\/div>\n\t\t\t\t<div class=\"elementor-element elementor-element-e99e920 elementor-widget elementor-widget-image\" data-id=\"e99e920\" data-element_type=\"widget\" data-e-type=\"widget\" data-widget_type=\"image.default\">\n\t\t\t\t<div class=\"elementor-widget-container\">\n\t\t\t\t\t\t\t\t\t\t\t\t\t\t\t<img decoding=\"async\" width=\"800\" height=\"664\" src=\"https:\/\/list-broker.es\/wp-content\/uploads\/2025\/06\/LEADS3-1024x850.png\" class=\"attachment-large size-large wp-image-1879\" alt=\"\" srcset=\"https:\/\/list-broker.es\/wp-content\/uploads\/2025\/06\/LEADS3-1024x850.png 1024w, https:\/\/list-broker.es\/wp-content\/uploads\/2025\/06\/LEADS3-300x249.png 300w, https:\/\/list-broker.es\/wp-content\/uploads\/2025\/06\/LEADS3-768x638.png 768w, https:\/\/list-broker.es\/wp-content\/uploads\/2025\/06\/LEADS3-14x12.png 14w, https:\/\/list-broker.es\/wp-content\/uploads\/2025\/06\/LEADS3.png 1080w\" sizes=\"(max-width: 800px) 100vw, 800px\" \/>\t\t\t\t\t\t\t\t\t\t\t\t\t\t\t<\/div>\n\t\t\t\t<\/div>\n\t\t\t\t<div class=\"elementor-element elementor-element-192dbb0 elementor-widget elementor-widget-text-editor\" data-id=\"192dbb0\" data-element_type=\"widget\" data-e-type=\"widget\" data-widget_type=\"text-editor.default\">\n\t\t\t\t<div class=\"elementor-widget-container\">\n\t\t\t\t\t\t\t\t\t<p>\u00bf<b>Y<\/b> sabes qu\u00e9 es lo mejor? Este proceso es completamente escalable. Lo que antes requer\u00eda horas de trabajo manual ahora se puede automatizar, permiti\u00e9ndote concentrarte en lo que realmente importa: construir relaciones significativas con tus clientes potenciales.<\/p>\n<p><b>L<\/b>a IA tambi\u00e9n nos ayuda a personalizar la comunicaci\u00f3n. Cada mensaje, cada correo electr\u00f3nico, cada interacci\u00f3n puede adaptarse espec\u00edficamente al perfil del lead, aumentando significativamente las tasas de conversi\u00f3n.<\/p>\t\t\t\t\t\t\t\t<\/div>\n\t\t\t\t<\/div>\n\t\t\t\t<div class=\"elementor-element elementor-element-c57e02e elementor-widget elementor-widget-text-editor\" data-id=\"c57e02e\" data-element_type=\"widget\" data-e-type=\"widget\" data-widget_type=\"text-editor.default\">\n\t\t\t\t<div class=\"elementor-widget-container\">\n\t\t\t\t\t\t\t\t\t<p><b>N<\/b>o estamos hablando de n\u00fameros peque\u00f1os. Las empresas que implementan IA en su estrategia de generaci\u00f3n de leads han visto aumentos de hasta un 50% en sus tasas de conversi\u00f3n. \u00bfTe imaginas duplicar tus resultados con el mismo esfuerzo?<\/p><p><br><\/p>\n<p><\/p>\n<p><b>L<\/b>a clave est\u00e1 en entender que la IA no reemplaza el toque humano, sino que lo potencia. Te permite identificar las oportunidades correctas y dedicar tu tiempo a los prospectos que realmente importan.<\/p><p><br><\/p>\n<p><b>Recuerda: la tecnolog\u00eda est\u00e1 aqu\u00ed para ayudarnos a crecer de manera m\u00e1s inteligente y eficiente.<\/b><\/p>\t\t\t\t\t\t\t\t<\/div>\n\t\t\t\t<\/div>\n\t\t\t\t<div class=\"elementor-element elementor-element-8067471 elementor-widget elementor-widget-image\" data-id=\"8067471\" data-element_type=\"widget\" data-e-type=\"widget\" data-widget_type=\"image.default\">\n\t\t\t\t<div class=\"elementor-widget-container\">\n\t\t\t\t\t\t\t\t\t\t\t\t\t\t\t<img loading=\"lazy\" decoding=\"async\" width=\"800\" height=\"800\" src=\"https:\/\/list-broker.es\/wp-content\/uploads\/2025\/06\/LEADS44-1024x1024.png\" class=\"attachment-large size-large wp-image-1881\" alt=\"\" srcset=\"https:\/\/list-broker.es\/wp-content\/uploads\/2025\/06\/LEADS44-1024x1024.png 1024w, https:\/\/list-broker.es\/wp-content\/uploads\/2025\/06\/LEADS44-300x300.png 300w, https:\/\/list-broker.es\/wp-content\/uploads\/2025\/06\/LEADS44-150x150.png 150w, https:\/\/list-broker.es\/wp-content\/uploads\/2025\/06\/LEADS44-768x768.png 768w, https:\/\/list-broker.es\/wp-content\/uploads\/2025\/06\/LEADS44-12x12.png 12w, https:\/\/list-broker.es\/wp-content\/uploads\/2025\/06\/LEADS44.png 1080w\" sizes=\"(max-width: 800px) 100vw, 800px\" \/>\t\t\t\t\t\t\t\t\t\t\t\t\t\t\t<\/div>\n\t\t\t\t<\/div>\n\t\t\t\t\t<\/div>\n\t\t\t\t<\/div>\n\t\t<div class=\"elementor-element elementor-element-12e49b3 e-flex e-con-boxed e-con e-parent\" data-id=\"12e49b3\" data-element_type=\"container\" data-e-type=\"container\">\n\t\t\t\t\t<div class=\"e-con-inner\">\n\t\t\t\t<div class=\"elementor-element elementor-element-98a5f6d elementor-widget__width-initial elementor-cta--skin-classic elementor-animated-content elementor-bg-transform elementor-bg-transform-zoom-in elementor-widget elementor-widget-call-to-action\" data-id=\"98a5f6d\" data-element_type=\"widget\" data-e-type=\"widget\" data-widget_type=\"call-to-action.default\">\n\t\t\t\t<div class=\"elementor-widget-container\">\n\t\t\t\t\t\t\t<a class=\"elementor-cta\" href=\"https:\/\/list-broker.es\/en\/contact\/\">\n\t\t\t\t\t<div class=\"elementor-cta__bg-wrapper\">\n\t\t\t\t<div class=\"elementor-cta__bg elementor-bg\" style=\"background-image: url(https:\/\/list-broker.es\/wp-content\/uploads\/2025\/06\/velo-cabecera.png);\" role=\"img\" aria-label=\"velo cabecera\"><\/div>\n\t\t\t\t<div class=\"elementor-cta__bg-overlay\"><\/div>\n\t\t\t<\/div>\n\t\t\t\t\t\t\t<div class=\"elementor-cta__content\">\n\t\t\t\t\n\t\t\t\t\t\t\t\t\t<h2 class=\"elementor-cta__title elementor-cta__content-item elementor-content-item\">\n\t\t\t\t\t\tPUEDES PEDIRNOS INFORMACI\u00d3N\t\t\t\t\t<\/h2>\n\t\t\t\t\n\t\t\t\t\t\t\t\t\t<div class=\"elementor-cta__description elementor-cta__content-item elementor-content-item\">\n\t\t\t\t\t\tTE MANDAMOS PRESUPUESTO SIN COMPROMISO\t\t\t\t\t<\/div>\n\t\t\t\t\n\t\t\t\t\t\t\t\t\t<div class=\"elementor-cta__button-wrapper elementor-cta__content-item elementor-content-item\">\n\t\t\t\t\t<span class=\"elementor-cta__button elementor-button elementor-size-\">\n\t\t\t\t\t\tHaz clic aqu\u00ed\t\t\t\t\t<\/span>\n\t\t\t\t\t<\/div>\n\t\t\t\t\t\t\t<\/div>\n\t\t\t\t\t\t<\/a>\n\t\t\t\t\t\t<\/div>\n\t\t\t\t<\/div>\n\t\t\t\t\t<\/div>\n\t\t\t\t<\/div>\n\t\t\t\t<\/div>","protected":false},"excerpt":{"rendered":"<p>LEADS + INTELIGENCIA ARTIFICIAL En RCR disponemos de fuentes de datos que utilizan este sistema de captaci\u00f3n que nos permite confeccionar el target espec\u00edfico para cada producto o servicio. \u00bfTe has preguntado alguna vez c\u00f3mo conseguir leads de calidad que realmente se conviertan en clientes? Hoy voy a explicar c\u00f3mo la Inteligencia Artificial se ha [&hellip;]<\/p>\n","protected":false},"author":2,"featured_media":0,"parent":0,"menu_order":0,"comment_status":"closed","ping_status":"closed","template":"","meta":{"footnotes":""},"class_list":["post-1875","page","type-page","status-publish","hentry"],"yoast_head":"<!-- This site is optimized with the Yoast SEO plugin v27.2 - https:\/\/yoast.com\/product\/yoast-seo-wordpress\/ -->\n<title>LANDING LEADS AI - RCR List Brokers<\/title>\n<meta name=\"robots\" content=\"index, follow, max-snippet:-1, max-image-preview:large, max-video-preview:-1\" \/>\n<link rel=\"canonical\" href=\"https:\/\/list-broker.es\/en\/landing-leads-ai\/\" \/>\n<meta property=\"og:locale\" content=\"en_GB\" \/>\n<meta property=\"og:type\" content=\"article\" \/>\n<meta property=\"og:title\" content=\"LANDING LEADS AI - RCR List Brokers\" \/>\n<meta property=\"og:description\" content=\"LEADS + INTELIGENCIA ARTIFICIAL En RCR disponemos de fuentes de datos que utilizan este sistema de captaci\u00f3n que nos permite confeccionar el target espec\u00edfico para cada producto o servicio. \u00bfTe has preguntado alguna vez c\u00f3mo conseguir leads de calidad que realmente se conviertan en clientes? Hoy voy a explicar c\u00f3mo la Inteligencia Artificial se ha [&hellip;]\" \/>\n<meta property=\"og:url\" content=\"https:\/\/list-broker.es\/en\/landing-leads-ai\/\" \/>\n<meta property=\"og:site_name\" content=\"RCR List Brokers\" \/>\n<meta property=\"article:modified_time\" content=\"2025-06-05T10:02:31+00:00\" \/>\n<meta property=\"og:image\" content=\"https:\/\/list-broker.es\/wp-content\/uploads\/2025\/06\/LEADS1-1.png\" \/>\n\t<meta property=\"og:image:width\" content=\"1080\" \/>\n\t<meta property=\"og:image:height\" content=\"1080\" \/>\n\t<meta property=\"og:image:type\" content=\"image\/png\" \/>\n<meta name=\"twitter:card\" content=\"summary_large_image\" \/>\n<meta name=\"twitter:label1\" content=\"Estimated reading time\" \/>\n\t<meta name=\"twitter:data1\" content=\"3 minutes\" \/>\n<script type=\"application\/ld+json\" class=\"yoast-schema-graph\">{\"@context\":\"https:\/\/schema.org\",\"@graph\":[{\"@type\":\"WebPage\",\"@id\":\"https:\/\/list-broker.es\/landing-leads-ai\/\",\"url\":\"https:\/\/list-broker.es\/landing-leads-ai\/\",\"name\":\"LANDING LEADS AI - RCR List Brokers\",\"isPartOf\":{\"@id\":\"https:\/\/list-broker.es\/#website\"},\"primaryImageOfPage\":{\"@id\":\"https:\/\/list-broker.es\/landing-leads-ai\/#primaryimage\"},\"image\":{\"@id\":\"https:\/\/list-broker.es\/landing-leads-ai\/#primaryimage\"},\"thumbnailUrl\":\"https:\/\/list-broker.es\/wp-content\/uploads\/2025\/06\/LEADS1-1-1024x1024.png\",\"datePublished\":\"2025-06-05T08:28:41+00:00\",\"dateModified\":\"2025-06-05T10:02:31+00:00\",\"breadcrumb\":{\"@id\":\"https:\/\/list-broker.es\/landing-leads-ai\/#breadcrumb\"},\"inLanguage\":\"en-GB\",\"potentialAction\":[{\"@type\":\"ReadAction\",\"target\":[\"https:\/\/list-broker.es\/landing-leads-ai\/\"]}]},{\"@type\":\"ImageObject\",\"inLanguage\":\"en-GB\",\"@id\":\"https:\/\/list-broker.es\/landing-leads-ai\/#primaryimage\",\"url\":\"https:\/\/list-broker.es\/wp-content\/uploads\/2025\/06\/LEADS1-1-1024x1024.png\",\"contentUrl\":\"https:\/\/list-broker.es\/wp-content\/uploads\/2025\/06\/LEADS1-1-1024x1024.png\"},{\"@type\":\"BreadcrumbList\",\"@id\":\"https:\/\/list-broker.es\/landing-leads-ai\/#breadcrumb\",\"itemListElement\":[{\"@type\":\"ListItem\",\"position\":1,\"name\":\"Portada\",\"item\":\"https:\/\/list-broker.es\/\"},{\"@type\":\"ListItem\",\"position\":2,\"name\":\"LANDING LEADS AI\"}]},{\"@type\":\"WebSite\",\"@id\":\"https:\/\/list-broker.es\/#website\",\"url\":\"https:\/\/list-broker.es\/\",\"name\":\"RCR List Brokers\",\"description\":\"Bases de datos y listados  de empresas\",\"publisher\":{\"@id\":\"https:\/\/list-broker.es\/#organization\"},\"potentialAction\":[{\"@type\":\"SearchAction\",\"target\":{\"@type\":\"EntryPoint\",\"urlTemplate\":\"https:\/\/list-broker.es\/?s={search_term_string}\"},\"query-input\":{\"@type\":\"PropertyValueSpecification\",\"valueRequired\":true,\"valueName\":\"search_term_string\"}}],\"inLanguage\":\"en-GB\"},{\"@type\":\"Organization\",\"@id\":\"https:\/\/list-broker.es\/#organization\",\"name\":\"RCR List Brokers\",\"url\":\"https:\/\/list-broker.es\/\",\"logo\":{\"@type\":\"ImageObject\",\"inLanguage\":\"en-GB\",\"@id\":\"https:\/\/list-broker.es\/#\/schema\/logo\/image\/\",\"url\":\"https:\/\/list-broker.es\/wp-content\/uploads\/2024\/12\/logo-rcr.png\",\"contentUrl\":\"https:\/\/list-broker.es\/wp-content\/uploads\/2024\/12\/logo-rcr.png\",\"width\":3500,\"height\":3300,\"caption\":\"RCR List Brokers\"},\"image\":{\"@id\":\"https:\/\/list-broker.es\/#\/schema\/logo\/image\/\"}}]}<\/script>\n<!-- \/ Yoast SEO plugin. -->","yoast_head_json":{"title":"LANDING LEADS AI - RCR List Brokers","robots":{"index":"index","follow":"follow","max-snippet":"max-snippet:-1","max-image-preview":"max-image-preview:large","max-video-preview":"max-video-preview:-1"},"canonical":"https:\/\/list-broker.es\/en\/landing-leads-ai\/","og_locale":"en_GB","og_type":"article","og_title":"LANDING LEADS AI - RCR List Brokers","og_description":"LEADS + INTELIGENCIA ARTIFICIAL En RCR disponemos de fuentes de datos que utilizan este sistema de captaci\u00f3n que nos permite confeccionar el target espec\u00edfico para cada producto o servicio. \u00bfTe has preguntado alguna vez c\u00f3mo conseguir leads de calidad que realmente se conviertan en clientes? Hoy voy a explicar c\u00f3mo la Inteligencia Artificial se ha [&hellip;]","og_url":"https:\/\/list-broker.es\/en\/landing-leads-ai\/","og_site_name":"RCR List Brokers","article_modified_time":"2025-06-05T10:02:31+00:00","og_image":[{"width":1080,"height":1080,"url":"https:\/\/list-broker.es\/wp-content\/uploads\/2025\/06\/LEADS1-1.png","type":"image\/png"}],"twitter_card":"summary_large_image","twitter_misc":{"Estimated reading time":"3 minutes"},"schema":{"@context":"https:\/\/schema.org","@graph":[{"@type":"WebPage","@id":"https:\/\/list-broker.es\/landing-leads-ai\/","url":"https:\/\/list-broker.es\/landing-leads-ai\/","name":"LANDING LEADS AI - RCR List Brokers","isPartOf":{"@id":"https:\/\/list-broker.es\/#website"},"primaryImageOfPage":{"@id":"https:\/\/list-broker.es\/landing-leads-ai\/#primaryimage"},"image":{"@id":"https:\/\/list-broker.es\/landing-leads-ai\/#primaryimage"},"thumbnailUrl":"https:\/\/list-broker.es\/wp-content\/uploads\/2025\/06\/LEADS1-1-1024x1024.png","datePublished":"2025-06-05T08:28:41+00:00","dateModified":"2025-06-05T10:02:31+00:00","breadcrumb":{"@id":"https:\/\/list-broker.es\/landing-leads-ai\/#breadcrumb"},"inLanguage":"en-GB","potentialAction":[{"@type":"ReadAction","target":["https:\/\/list-broker.es\/landing-leads-ai\/"]}]},{"@type":"ImageObject","inLanguage":"en-GB","@id":"https:\/\/list-broker.es\/landing-leads-ai\/#primaryimage","url":"https:\/\/list-broker.es\/wp-content\/uploads\/2025\/06\/LEADS1-1-1024x1024.png","contentUrl":"https:\/\/list-broker.es\/wp-content\/uploads\/2025\/06\/LEADS1-1-1024x1024.png"},{"@type":"BreadcrumbList","@id":"https:\/\/list-broker.es\/landing-leads-ai\/#breadcrumb","itemListElement":[{"@type":"ListItem","position":1,"name":"Portada","item":"https:\/\/list-broker.es\/"},{"@type":"ListItem","position":2,"name":"LANDING LEADS AI"}]},{"@type":"WebSite","@id":"https:\/\/list-broker.es\/#website","url":"https:\/\/list-broker.es\/","name":"RCR List Brokers","description":"Bases de datos y listados  de empresas","publisher":{"@id":"https:\/\/list-broker.es\/#organization"},"potentialAction":[{"@type":"SearchAction","target":{"@type":"EntryPoint","urlTemplate":"https:\/\/list-broker.es\/?s={search_term_string}"},"query-input":{"@type":"PropertyValueSpecification","valueRequired":true,"valueName":"search_term_string"}}],"inLanguage":"en-GB"},{"@type":"Organization","@id":"https:\/\/list-broker.es\/#organization","name":"RCR List Brokers","url":"https:\/\/list-broker.es\/","logo":{"@type":"ImageObject","inLanguage":"en-GB","@id":"https:\/\/list-broker.es\/#\/schema\/logo\/image\/","url":"https:\/\/list-broker.es\/wp-content\/uploads\/2024\/12\/logo-rcr.png","contentUrl":"https:\/\/list-broker.es\/wp-content\/uploads\/2024\/12\/logo-rcr.png","width":3500,"height":3300,"caption":"RCR List Brokers"},"image":{"@id":"https:\/\/list-broker.es\/#\/schema\/logo\/image\/"}}]}},"_links":{"self":[{"href":"https:\/\/list-broker.es\/en\/wp-json\/wp\/v2\/pages\/1875","targetHints":{"allow":["GET"]}}],"collection":[{"href":"https:\/\/list-broker.es\/en\/wp-json\/wp\/v2\/pages"}],"about":[{"href":"https:\/\/list-broker.es\/en\/wp-json\/wp\/v2\/types\/page"}],"author":[{"embeddable":true,"href":"https:\/\/list-broker.es\/en\/wp-json\/wp\/v2\/users\/2"}],"replies":[{"embeddable":true,"href":"https:\/\/list-broker.es\/en\/wp-json\/wp\/v2\/comments?post=1875"}],"version-history":[{"count":42,"href":"https:\/\/list-broker.es\/en\/wp-json\/wp\/v2\/pages\/1875\/revisions"}],"predecessor-version":[{"id":1926,"href":"https:\/\/list-broker.es\/en\/wp-json\/wp\/v2\/pages\/1875\/revisions\/1926"}],"wp:attachment":[{"href":"https:\/\/list-broker.es\/en\/wp-json\/wp\/v2\/media?parent=1875"}],"curies":[{"name":"wp","href":"https:\/\/api.w.org\/{rel}","templated":true}]}}