{"id":25,"date":"2024-12-16T11:15:59","date_gmt":"2024-12-16T11:15:59","guid":{"rendered":"https:\/\/list-broker.es\/?page_id=25"},"modified":"2025-02-11T12:36:45","modified_gmt":"2025-02-11T12:36:45","slug":"contact","status":"publish","type":"page","link":"https:\/\/list-broker.es\/en\/contacto\/","title":{"rendered":"Contact"},"content":{"rendered":"\t\t<div data-elementor-type=\"wp-page\" data-elementor-id=\"25\" class=\"elementor elementor-25\" data-elementor-post-type=\"page\">\n\t\t\t\t<div class=\"elementor-element elementor-element-259e8812 e-flex e-con-boxed e-con e-parent\" data-id=\"259e8812\" data-element_type=\"container\" data-e-type=\"container\" data-settings=\"{&quot;background_background&quot;:&quot;classic&quot;}\">\n\t\t\t\t\t<div class=\"e-con-inner\">\n\t\t<div class=\"elementor-element elementor-element-44c14ddc e-con-full e-flex e-con e-child\" data-id=\"44c14ddc\" data-element_type=\"container\" data-e-type=\"container\">\n\t\t\t\t<div class=\"elementor-element elementor-element-aae1c42 elementor-widget elementor-widget-global elementor-global-1258 elementor-widget-heading\" data-id=\"aae1c42\" data-element_type=\"widget\" data-e-type=\"widget\" data-widget_type=\"heading.default\">\n\t\t\t\t<div class=\"elementor-widget-container\">\n\t\t\t\t\t<p class=\"elementor-heading-title elementor-size-default\">Hacemos f\u00e1cil el Marketing Directo<\/p>\t\t\t\t<\/div>\n\t\t\t\t<\/div>\n\t\t\t\t<\/div>\n\t\t<div class=\"elementor-element elementor-element-3b72cd3 e-con-full e-flex e-con e-child\" data-id=\"3b72cd3\" data-element_type=\"container\" data-e-type=\"container\">\n\t\t\t\t<\/div>\n\t\t\t\t\t<\/div>\n\t\t\t\t<\/div>\n\t\t<div class=\"elementor-element elementor-element-45fe114e e-flex e-con-boxed e-con e-parent\" data-id=\"45fe114e\" data-element_type=\"container\" data-e-type=\"container\">\n\t\t\t\t\t<div class=\"e-con-inner\">\n\t\t\t\t<div class=\"elementor-element elementor-element-3f80e42d elementor-widget elementor-widget-heading\" data-id=\"3f80e42d\" data-element_type=\"widget\" data-e-type=\"widget\" data-widget_type=\"heading.default\">\n\t\t\t\t<div class=\"elementor-widget-container\">\n\t\t\t\t\t<h1 class=\"elementor-heading-title elementor-size-default\">Contacto<\/h1>\t\t\t\t<\/div>\n\t\t\t\t<\/div>\n\t\t\t\t\t<\/div>\n\t\t\t\t<\/div>\n\t\t<div class=\"elementor-element elementor-element-341557d6 e-flex e-con-boxed e-con e-parent\" data-id=\"341557d6\" data-element_type=\"container\" data-e-type=\"container\">\n\t\t\t\t\t<div class=\"e-con-inner\">\n\t\t\t\t<div class=\"elementor-element elementor-element-845cfed elementor-widget elementor-widget-heading\" data-id=\"845cfed\" data-element_type=\"widget\" data-e-type=\"widget\" data-widget_type=\"heading.default\">\n\t\t\t\t<div class=\"elementor-widget-container\">\n\t\t\t\t\t<p class=\"elementor-heading-title elementor-size-default\">SOLICITE INFORMACI\u00d3N<\/p>\t\t\t\t<\/div>\n\t\t\t\t<\/div>\n\t\t\t\t<div class=\"elementor-element elementor-element-315ef64 elementor-widget elementor-widget-text-editor\" data-id=\"315ef64\" data-element_type=\"widget\" data-e-type=\"widget\" data-widget_type=\"text-editor.default\">\n\t\t\t\t<div class=\"elementor-widget-container\">\n\t\t\t\t\t\t\t\t\t<p>Rellene el formulario para solicitar informaci\u00f3n y le contactamos<\/p>\t\t\t\t\t\t\t\t<\/div>\n\t\t\t\t<\/div>\n\t\t\t\t<div class=\"elementor-element elementor-element-58b3152 elementor-button-align-stretch elementor-widget elementor-widget-form\" data-id=\"58b3152\" data-element_type=\"widget\" data-e-type=\"widget\" data-settings=\"{&quot;step_next_label&quot;:&quot;Siguiente&quot;,&quot;step_previous_label&quot;:&quot;Anterior&quot;,&quot;step_type&quot;:&quot;none&quot;,&quot;step_icon_shape&quot;:&quot;none&quot;,&quot;button_width&quot;:&quot;100&quot;}\" data-widget_type=\"form.default\">\n\t\t\t\t<div class=\"elementor-widget-container\">\n\t\t\t\t\t\t\t<form class=\"elementor-form\" method=\"post\" name=\"Nuevo formulario\" aria-label=\"Nuevo formulario\">\n\t\t\t<input type=\"hidden\" name=\"post_id\" value=\"25\"\/>\n\t\t\t<input type=\"hidden\" name=\"form_id\" value=\"58b3152\"\/>\n\t\t\t<input type=\"hidden\" name=\"referer_title\" value=\"Contacto - RCR List Brokers\" \/>\n\n\t\t\t\t\t\t\t<input type=\"hidden\" name=\"queried_id\" value=\"25\"\/>\n\t\t\t\n\t\t\t<div class=\"elementor-form-fields-wrapper elementor-labels-above\">\n\t\t\t\t\t\t\t\t<div class=\"elementor-field-type-text elementor-field-group elementor-column elementor-field-group-name elementor-col-50 elementor-field-required\">\n\t\t\t\t\t\t\t\t\t\t\t\t<label for=\"form-field-name\" class=\"elementor-field-label\">\n\t\t\t\t\t\t\t\tNombre\t\t\t\t\t\t\t<\/label>\n\t\t\t\t\t\t\t\t\t\t\t\t\t\t<input size=\"1\" type=\"text\" name=\"form_fields[name]\" id=\"form-field-name\" class=\"elementor-field elementor-size-md  elementor-field-textual\" placeholder=\"Nombre\" required=\"required\">\n\t\t\t\t\t\t\t\t\t\t\t<\/div>\n\t\t\t\t\t\t\t\t<div class=\"elementor-field-type-text elementor-field-group elementor-column elementor-field-group-field_49f3155 elementor-col-50\">\n\t\t\t\t\t\t\t\t\t\t\t\t<label for=\"form-field-field_49f3155\" class=\"elementor-field-label\">\n\t\t\t\t\t\t\t\tEmpresa\t\t\t\t\t\t\t<\/label>\n\t\t\t\t\t\t\t\t\t\t\t\t\t\t<input size=\"1\" type=\"text\" name=\"form_fields[field_49f3155]\" id=\"form-field-field_49f3155\" class=\"elementor-field elementor-size-md  elementor-field-textual\" placeholder=\"Empresa\">\n\t\t\t\t\t\t\t\t\t\t\t<\/div>\n\t\t\t\t\t\t\t\t<div class=\"elementor-field-type-tel elementor-field-group elementor-column elementor-field-group-field_849bddd elementor-col-50 elementor-field-required\">\n\t\t\t\t\t\t\t\t\t\t\t\t<label for=\"form-field-field_849bddd\" class=\"elementor-field-label\">\n\t\t\t\t\t\t\t\tTel\u00e9fono\t\t\t\t\t\t\t<\/label>\n\t\t\t\t\t\t\t\t<input size=\"1\" type=\"tel\" name=\"form_fields[field_849bddd]\" id=\"form-field-field_849bddd\" class=\"elementor-field elementor-size-md  elementor-field-textual\" placeholder=\"Tel\u00e9fono\" required=\"required\" pattern=\"[0-9()#&amp;+*-=.]+\" title=\"Solo se aceptan n\u00fameros y caracteres de tel\u00e9fono (#,-,*,etc).\">\n\n\t\t\t\t\t\t<\/div>\n\t\t\t\t\t\t\t\t<div class=\"elementor-field-type-email elementor-field-group elementor-column elementor-field-group-email elementor-col-50 elementor-field-required\">\n\t\t\t\t\t\t\t\t\t\t\t\t<label for=\"form-field-email\" class=\"elementor-field-label\">\n\t\t\t\t\t\t\t\tCorreo electr\u00f3nico\t\t\t\t\t\t\t<\/label>\n\t\t\t\t\t\t\t\t\t\t\t\t\t\t<input size=\"1\" type=\"email\" name=\"form_fields[email]\" id=\"form-field-email\" class=\"elementor-field elementor-size-md  elementor-field-textual\" placeholder=\"Correo electr\u00f3nico\" required=\"required\">\n\t\t\t\t\t\t\t\t\t\t\t<\/div>\n\t\t\t\t\t\t\t\t<div class=\"elementor-field-type-textarea elementor-field-group elementor-column elementor-field-group-message elementor-col-100 elementor-field-required\">\n\t\t\t\t\t\t\t\t\t\t\t\t<label for=\"form-field-message\" class=\"elementor-field-label\">\n\t\t\t\t\t\t\t\tCu\u00e9ntanos qu\u00e9 necesitas\t\t\t\t\t\t\t<\/label>\n\t\t\t\t\t\t<textarea class=\"elementor-field-textual elementor-field  elementor-size-md\" name=\"form_fields[message]\" id=\"form-field-message\" rows=\"4\" placeholder=\"Mensaje\" required=\"required\"><\/textarea>\t\t\t\t<\/div>\n\t\t\t\t\t\t\t\t<div class=\"elementor-field-type-select elementor-field-group elementor-column elementor-field-group-field_9ed1328 elementor-col-50 elementor-field-required\">\n\t\t\t\t\t\t\t\t\t\t\t\t<label for=\"form-field-field_9ed1328\" class=\"elementor-field-label\">\n\t\t\t\t\t\t\t\t<span class=\"hsteps\">\u00c1mbito<\/span>\t\t\t\t\t\t\t<\/label>\n\t\t\t\t\t\t\t\t<div class=\"elementor-field elementor-select-wrapper remove-before \">\n\t\t\t<div class=\"select-caret-down-wrapper\">\n\t\t\t\t<svg aria-hidden=\"true\" class=\"e-font-icon-svg e-eicon-caret-down\" viewBox=\"0 0 571.4 571.4\" xmlns=\"http:\/\/www.w3.org\/2000\/svg\"><path d=\"M571 393Q571 407 561 418L311 668Q300 679 286 679T261 668L11 418Q0 407 0 393T11 368 36 357H536Q550 357 561 368T571 393Z\"><\/path><\/svg>\t\t\t<\/div>\n\t\t\t<select name=\"form_fields[field_9ed1328]\" id=\"form-field-field_9ed1328\" class=\"elementor-field-textual elementor-size-md\" required=\"required\">\n\t\t\t\t\t\t\t\t\t<option value=\"NACIONAL\">NACIONAL<\/option>\n\t\t\t\t\t\t\t\t\t<option value=\"INTERNACIONAL\">INTERNACIONAL<\/option>\n\t\t\t\t\t\t\t\t\t<option value=\"AMBAS\">AMBAS<\/option>\n\t\t\t\t\t\t\t<\/select>\n\t\t<\/div>\n\t\t\t\t\t\t<\/div>\n\t\t\t\t\t\t\t\t<div class=\"elementor-field-type-select elementor-field-group elementor-column elementor-field-group-field_fe2b504 elementor-col-50 elementor-field-type-select-multiple\">\n\t\t\t\t\t\t\t\t\t\t\t\t<label for=\"form-field-field_fe2b504\" class=\"elementor-field-label\">\n\t\t\t\t\t\t\t\t<span class=\"hsteps\">Tipo de Listado<\/span>\t\t\t\t\t\t\t<\/label>\n\t\t\t\t\t\t\t\t<div class=\"elementor-field elementor-select-wrapper remove-before \">\n\t\t\t<div class=\"select-caret-down-wrapper\">\n\t\t\t\t\t\t\t<\/div>\n\t\t\t<select name=\"form_fields[field_fe2b504][]\" id=\"form-field-field_fe2b504\" class=\"elementor-field-textual elementor-size-md\" multiple=\"\" size=\"2\">\n\t\t\t\t\t\t\t\t\t<option value=\"B2B\">B2B<\/option>\n\t\t\t\t\t\t\t\t\t<option value=\"B2C\">B2C<\/option>\n\t\t\t\t\t\t\t\t\t<option value=\"STREET FILE\">STREET FILE<\/option>\n\t\t\t\t\t\t\t<\/select>\n\t\t<\/div>\n\t\t\t\t\t\t<\/div>\n\t\t\t\t\t\t\t\t<div class=\"elementor-field-type-acceptance elementor-field-group elementor-column elementor-field-group-field_ce76e40 elementor-col-100\">\n\t\t\t\t\t\t\t\t\t\t\t\t<label for=\"form-field-field_ce76e40\" class=\"elementor-field-label\">\n\t\t\t\t\t\t\t\tLOPD\t\t\t\t\t\t\t<\/label>\n\t\t\t\t\t\t\t\t<div class=\"elementor-field-subgroup\">\n\t\t\t<span class=\"elementor-field-option\">\n\t\t\t\t<input type=\"checkbox\" name=\"form_fields[field_ce76e40]\" id=\"form-field-field_ce76e40\" class=\"elementor-field elementor-size-md  elementor-acceptance-field\">\n\t\t\t\t<label for=\"form-field-field_ce76e40\">He le\u00eddo y acepto la pol\u00edtica de privacidad y el tratamiento de datos\n\n<\/label>\t\t\t<\/span>\n\t\t<\/div>\n\t\t\t\t\t\t<\/div>\n\t\t\t\t\t\t\t\t<div class=\"elementor-field-type-recaptcha elementor-field-group elementor-column elementor-field-group-field_a5b1017 elementor-col-100\">\n\t\t\t\t\t<div class=\"elementor-field\" id=\"form-field-field_a5b1017\"><div class=\"elementor-g-recaptcha\" data-sitekey=\"6LcTe8oqAAAAANHg38OXtgHjFkwzOLh1cUdHcRpR\" data-type=\"v2_checkbox\" data-theme=\"light\" data-size=\"normal\"><\/div><\/div>\t\t\t\t<\/div>\n\t\t\t\t\t\t\t\t<div class=\"elementor-field-group elementor-column elementor-field-type-submit elementor-col-100 e-form__buttons\">\n\t\t\t\t\t<button class=\"elementor-button elementor-size-sm\" type=\"submit\">\n\t\t\t\t\t\t<span class=\"elementor-button-content-wrapper\">\n\t\t\t\t\t\t\t\t\t\t\t\t\t\t\t\t\t\t\t\t\t\t<span class=\"elementor-button-text\">Enviar<\/span>\n\t\t\t\t\t\t\t\t\t\t\t\t\t<\/span>\n\t\t\t\t\t<\/button>\n\t\t\t\t<\/div>\n\t\t\t<\/div>\n\t\t<\/form>\n\t\t\t\t\t\t<\/div>\n\t\t\t\t<\/div>\n\t\t\t\t\t<\/div>\n\t\t\t\t<\/div>\n\t\t\t\t<\/div>\n\t\t","protected":false},"excerpt":{"rendered":"<p>Hacemos f\u00e1cil el Marketing Directo Contacto SOLICITE INFORMACI\u00d3N Rellene el formulario para solicitar informaci\u00f3n y le contactamos<\/p>","protected":false},"author":1,"featured_media":0,"parent":0,"menu_order":0,"comment_status":"closed","ping_status":"closed","template":"","meta":{"footnotes":""},"class_list":["post-25","page","type-page","status-publish","hentry"],"yoast_head":"<!-- This site is optimized with the Yoast SEO plugin v27.5 - https:\/\/yoast.com\/product\/yoast-seo-wordpress\/ -->\n<title>Contacto - RCR List Brokers<\/title>\n<meta name=\"robots\" content=\"index, follow, max-snippet:-1, max-image-preview:large, max-video-preview:-1\" \/>\n<link rel=\"canonical\" href=\"https:\/\/list-broker.es\/en\/contact\/\" \/>\n<meta property=\"og:locale\" content=\"en_GB\" \/>\n<meta property=\"og:type\" content=\"article\" \/>\n<meta property=\"og:title\" content=\"Contacto - RCR List Brokers\" \/>\n<meta property=\"og:description\" content=\"Hacemos f\u00e1cil el Marketing Directo Contacto SOLICITE INFORMACI\u00d3N Rellene el formulario para solicitar informaci\u00f3n y le contactamos\" \/>\n<meta property=\"og:url\" content=\"https:\/\/list-broker.es\/en\/contact\/\" \/>\n<meta property=\"og:site_name\" content=\"RCR List Brokers\" \/>\n<meta property=\"article:modified_time\" content=\"2025-02-11T12:36:45+00:00\" \/>\n<meta name=\"twitter:card\" content=\"summary_large_image\" \/>\n<meta name=\"twitter:label1\" content=\"Estimated reading time\" \/>\n\t<meta name=\"twitter:data1\" content=\"1 minute\" \/>\n<script type=\"application\/ld+json\" class=\"yoast-schema-graph\">{\"@context\":\"https:\\\/\\\/schema.org\",\"@graph\":[{\"@type\":\"WebPage\",\"@id\":\"https:\\\/\\\/list-broker.es\\\/contacto\\\/\",\"url\":\"https:\\\/\\\/list-broker.es\\\/contacto\\\/\",\"name\":\"Contacto - RCR List Brokers\",\"isPartOf\":{\"@id\":\"https:\\\/\\\/list-broker.es\\\/#website\"},\"datePublished\":\"2024-12-16T11:15:59+00:00\",\"dateModified\":\"2025-02-11T12:36:45+00:00\",\"breadcrumb\":{\"@id\":\"https:\\\/\\\/list-broker.es\\\/contacto\\\/#breadcrumb\"},\"inLanguage\":\"en-GB\",\"potentialAction\":[{\"@type\":\"ReadAction\",\"target\":[\"https:\\\/\\\/list-broker.es\\\/contacto\\\/\"]}]},{\"@type\":\"BreadcrumbList\",\"@id\":\"https:\\\/\\\/list-broker.es\\\/contacto\\\/#breadcrumb\",\"itemListElement\":[{\"@type\":\"ListItem\",\"position\":1,\"name\":\"Portada\",\"item\":\"https:\\\/\\\/list-broker.es\\\/\"},{\"@type\":\"ListItem\",\"position\":2,\"name\":\"Contacto\"}]},{\"@type\":\"WebSite\",\"@id\":\"https:\\\/\\\/list-broker.es\\\/#website\",\"url\":\"https:\\\/\\\/list-broker.es\\\/\",\"name\":\"RCR List Brokers\",\"description\":\"Bases de datos y listados  de empresas\",\"publisher\":{\"@id\":\"https:\\\/\\\/list-broker.es\\\/#organization\"},\"potentialAction\":[{\"@type\":\"SearchAction\",\"target\":{\"@type\":\"EntryPoint\",\"urlTemplate\":\"https:\\\/\\\/list-broker.es\\\/?s={search_term_string}\"},\"query-input\":{\"@type\":\"PropertyValueSpecification\",\"valueRequired\":true,\"valueName\":\"search_term_string\"}}],\"inLanguage\":\"en-GB\"},{\"@type\":\"Organization\",\"@id\":\"https:\\\/\\\/list-broker.es\\\/#organization\",\"name\":\"RCR List Brokers\",\"url\":\"https:\\\/\\\/list-broker.es\\\/\",\"logo\":{\"@type\":\"ImageObject\",\"inLanguage\":\"en-GB\",\"@id\":\"https:\\\/\\\/list-broker.es\\\/#\\\/schema\\\/logo\\\/image\\\/\",\"url\":\"https:\\\/\\\/list-broker.es\\\/wp-content\\\/uploads\\\/2024\\\/12\\\/logo-rcr.png\",\"contentUrl\":\"https:\\\/\\\/list-broker.es\\\/wp-content\\\/uploads\\\/2024\\\/12\\\/logo-rcr.png\",\"width\":3500,\"height\":3300,\"caption\":\"RCR List Brokers\"},\"image\":{\"@id\":\"https:\\\/\\\/list-broker.es\\\/#\\\/schema\\\/logo\\\/image\\\/\"}}]}<\/script>\n<!-- \/ Yoast SEO plugin. -->","yoast_head_json":{"title":"Contacto - RCR List Brokers","robots":{"index":"index","follow":"follow","max-snippet":"max-snippet:-1","max-image-preview":"max-image-preview:large","max-video-preview":"max-video-preview:-1"},"canonical":"https:\/\/list-broker.es\/en\/contact\/","og_locale":"en_GB","og_type":"article","og_title":"Contacto - RCR List Brokers","og_description":"Hacemos f\u00e1cil el Marketing Directo Contacto SOLICITE INFORMACI\u00d3N Rellene el formulario para solicitar informaci\u00f3n y le contactamos","og_url":"https:\/\/list-broker.es\/en\/contact\/","og_site_name":"RCR List Brokers","article_modified_time":"2025-02-11T12:36:45+00:00","twitter_card":"summary_large_image","twitter_misc":{"Estimated reading time":"1 minute"},"schema":{"@context":"https:\/\/schema.org","@graph":[{"@type":"WebPage","@id":"https:\/\/list-broker.es\/contacto\/","url":"https:\/\/list-broker.es\/contacto\/","name":"Contacto - RCR List Brokers","isPartOf":{"@id":"https:\/\/list-broker.es\/#website"},"datePublished":"2024-12-16T11:15:59+00:00","dateModified":"2025-02-11T12:36:45+00:00","breadcrumb":{"@id":"https:\/\/list-broker.es\/contacto\/#breadcrumb"},"inLanguage":"en-GB","potentialAction":[{"@type":"ReadAction","target":["https:\/\/list-broker.es\/contacto\/"]}]},{"@type":"BreadcrumbList","@id":"https:\/\/list-broker.es\/contacto\/#breadcrumb","itemListElement":[{"@type":"ListItem","position":1,"name":"Portada","item":"https:\/\/list-broker.es\/"},{"@type":"ListItem","position":2,"name":"Contacto"}]},{"@type":"WebSite","@id":"https:\/\/list-broker.es\/#website","url":"https:\/\/list-broker.es\/","name":"RCR List Brokers","description":"Bases de datos y listados  de empresas","publisher":{"@id":"https:\/\/list-broker.es\/#organization"},"potentialAction":[{"@type":"SearchAction","target":{"@type":"EntryPoint","urlTemplate":"https:\/\/list-broker.es\/?s={search_term_string}"},"query-input":{"@type":"PropertyValueSpecification","valueRequired":true,"valueName":"search_term_string"}}],"inLanguage":"en-GB"},{"@type":"Organization","@id":"https:\/\/list-broker.es\/#organization","name":"RCR List Brokers","url":"https:\/\/list-broker.es\/","logo":{"@type":"ImageObject","inLanguage":"en-GB","@id":"https:\/\/list-broker.es\/#\/schema\/logo\/image\/","url":"https:\/\/list-broker.es\/wp-content\/uploads\/2024\/12\/logo-rcr.png","contentUrl":"https:\/\/list-broker.es\/wp-content\/uploads\/2024\/12\/logo-rcr.png","width":3500,"height":3300,"caption":"RCR List Brokers"},"image":{"@id":"https:\/\/list-broker.es\/#\/schema\/logo\/image\/"}}]}},"_links":{"self":[{"href":"https:\/\/list-broker.es\/en\/wp-json\/wp\/v2\/pages\/25","targetHints":{"allow":["GET"]}}],"collection":[{"href":"https:\/\/list-broker.es\/en\/wp-json\/wp\/v2\/pages"}],"about":[{"href":"https:\/\/list-broker.es\/en\/wp-json\/wp\/v2\/types\/page"}],"author":[{"embeddable":true,"href":"https:\/\/list-broker.es\/en\/wp-json\/wp\/v2\/users\/1"}],"replies":[{"embeddable":true,"href":"https:\/\/list-broker.es\/en\/wp-json\/wp\/v2\/comments?post=25"}],"version-history":[{"count":70,"href":"https:\/\/list-broker.es\/en\/wp-json\/wp\/v2\/pages\/25\/revisions"}],"predecessor-version":[{"id":1421,"href":"https:\/\/list-broker.es\/en\/wp-json\/wp\/v2\/pages\/25\/revisions\/1421"}],"wp:attachment":[{"href":"https:\/\/list-broker.es\/en\/wp-json\/wp\/v2\/media?parent=25"}],"curies":[{"name":"wp","href":"https:\/\/api.w.org\/{rel}","templated":true}]}}