{"id":29,"date":"2024-12-16T11:17:04","date_gmt":"2024-12-16T11:17:04","guid":{"rendered":"https:\/\/list-broker.es\/?page_id=29"},"modified":"2025-01-07T16:19:40","modified_gmt":"2025-01-07T16:19:40","slug":"b2c-national","status":"publish","type":"page","link":"https:\/\/list-broker.es\/en\/bases-de-datos\/b2c-nacionales\/","title":{"rendered":"B2C"},"content":{"rendered":"<div data-elementor-type=\"wp-page\" data-elementor-id=\"29\" class=\"elementor elementor-29\" data-elementor-post-type=\"page\">\n\t\t\t\t<div class=\"elementor-element elementor-element-43d7b97b e-con-full e-flex e-con e-parent\" data-id=\"43d7b97b\" data-element_type=\"container\" data-e-type=\"container\" data-settings=\"{&quot;background_background&quot;:&quot;classic&quot;}\">\n\t\t<div class=\"elementor-element elementor-element-5af1a3ec e-con-full e-flex e-con e-child\" data-id=\"5af1a3ec\" data-element_type=\"container\" data-e-type=\"container\">\n\t\t\t\t<\/div>\n\t\t<div class=\"elementor-element elementor-element-17bf852d e-con-full e-flex e-con e-child\" data-id=\"17bf852d\" data-element_type=\"container\" data-e-type=\"container\">\n\t\t\t\t<\/div>\n\t\t\t\t<\/div>\n\t\t<div class=\"elementor-element elementor-element-2688160d e-flex e-con-boxed e-con e-parent\" data-id=\"2688160d\" data-element_type=\"container\" data-e-type=\"container\">\n\t\t\t\t\t<div class=\"e-con-inner\">\n\t\t\t\t<div class=\"elementor-element elementor-element-306a34b2 elementor-widget elementor-widget-heading\" data-id=\"306a34b2\" data-element_type=\"widget\" data-e-type=\"widget\" data-widget_type=\"heading.default\">\n\t\t\t\t<div class=\"elementor-widget-container\">\n\t\t\t\t\t<h1 class=\"elementor-heading-title elementor-size-default\">Bases de Datos B2C Nacionales<\/h1>\t\t\t\t<\/div>\n\t\t\t\t<\/div>\n\t\t\t\t\t<\/div>\n\t\t\t\t<\/div>\n\t\t<div class=\"elementor-element elementor-element-2bda05bd e-flex e-con-boxed e-con e-parent\" data-id=\"2bda05bd\" data-element_type=\"container\" data-e-type=\"container\">\n\t\t\t\t\t<div class=\"e-con-inner\">\n\t\t\t\t<div class=\"elementor-element elementor-element-13f3141e elementor-widget elementor-widget-text-editor\" data-id=\"13f3141e\" data-element_type=\"widget\" data-e-type=\"widget\" data-widget_type=\"text-editor.default\">\n\t\t\t\t<div class=\"elementor-widget-container\">\n\t\t\t\t\t\t\t\t\t<p>Lorem ipsum dolor sit amet, consectetur adipiscing elit. Proin convallis fringilla euismod. Suspendisse rhoncus ac velit lacinia tempor. Suspendisse dolor velit, efficitur sed lorem ut, ultrices accumsan dui. Aliquam sit amet mattis orci.\u00a0<\/p>\t\t\t\t\t\t\t\t<\/div>\n\t\t\t\t<\/div>\n\t\t\t\t<div class=\"elementor-element elementor-element-9f8888d elementor-widget elementor-widget-n-accordion\" data-id=\"9f8888d\" data-element_type=\"widget\" data-e-type=\"widget\" data-settings=\"{&quot;default_state&quot;:&quot;expanded&quot;,&quot;max_items_expended&quot;:&quot;one&quot;,&quot;n_accordion_animation_duration&quot;:{&quot;unit&quot;:&quot;ms&quot;,&quot;size&quot;:400,&quot;sizes&quot;:[]}}\" data-widget_type=\"nested-accordion.default\">\n\t\t\t\t<div class=\"elementor-widget-container\">\n\t\t\t\t\t\t\t<div class=\"e-n-accordion\" aria-label=\"Accordion. Open links with Enter or Space, close with Escape, and navigate with Arrow Keys\">\n\t\t\t\t\t\t<details id=\"e-n-accordion-item-1670\" class=\"e-n-accordion-item\" open>\n\t\t\t\t<summary class=\"e-n-accordion-item-title\" data-accordion-index=\"1\" tabindex=\"0\" aria-expanded=\"true\" aria-controls=\"e-n-accordion-item-1670\" >\n\t\t\t\t\t<span class='e-n-accordion-item-title-header'><h2 class=\"e-n-accordion-item-title-text\"> BBDD CONCURSO \/ PREFERENCIAS <\/h2><\/span>\n\t\t\t\t\t\t\t<span class='e-n-accordion-item-title-icon'>\n\t\t\t<span class='e-opened' ><svg aria-hidden=\"true\" class=\"e-font-icon-svg e-fas-minus\" viewbox=\"0 0 448 512\" xmlns=\"http:\/\/www.w3.org\/2000\/svg\"><path d=\"M416 208H32c-17.67 0-32 14.33-32 32v32c0 17.67 14.33 32 32 32h384c17.67 0 32-14.33 32-32v-32c0-17.67-14.33-32-32-32z\"><\/path><\/svg><\/span>\n\t\t\t<span class='e-closed'><svg aria-hidden=\"true\" class=\"e-font-icon-svg e-fas-plus\" viewbox=\"0 0 448 512\" xmlns=\"http:\/\/www.w3.org\/2000\/svg\"><path d=\"M416 208H272V64c0-17.67-14.33-32-32-32h-32c-17.67 0-32 14.33-32 32v144H32c-17.67 0-32 14.33-32 32v32c0 17.67 14.33 32 32 32h144v144c0 17.67 14.33 32 32 32h32c17.67 0 32-14.33 32-32V304h144c17.67 0 32-14.33 32-32v-32c0-17.67-14.33-32-32-32z\"><\/path><\/svg><\/span>\n\t\t<\/span>\n\n\t\t\t\t\t\t<\/summary>\n\t\t\t\t<div role=\"region\" aria-labelledby=\"e-n-accordion-item-1670\" class=\"elementor-element elementor-element-84039f1 e-con-full e-flex e-con e-child\" data-id=\"84039f1\" data-element_type=\"container\" data-e-type=\"container\">\n\t\t<div role=\"region\" aria-labelledby=\"e-n-accordion-item-1670\" class=\"elementor-element elementor-element-f9c4824 e-con-full e-flex e-con e-child\" data-id=\"f9c4824\" data-element_type=\"container\" data-e-type=\"container\">\n\t\t\t\t<div class=\"elementor-element elementor-element-522278da elementor-widget elementor-widget-image\" data-id=\"522278da\" data-element_type=\"widget\" data-e-type=\"widget\" data-widget_type=\"image.default\">\n\t\t\t\t<div class=\"elementor-widget-container\">\n\t\t\t\t\t\t\t\t\t\t\t\t\t\t\t<img fetchpriority=\"high\" decoding=\"async\" width=\"540\" height=\"540\" src=\"https:\/\/list-broker.es\/wp-content\/uploads\/2024\/12\/bbdd-preferencias-consumidor.jpg\" class=\"attachment-large size-large wp-image-210\" alt=\"\" srcset=\"https:\/\/list-broker.es\/wp-content\/uploads\/2024\/12\/bbdd-preferencias-consumidor.jpg 540w, https:\/\/list-broker.es\/wp-content\/uploads\/2024\/12\/bbdd-preferencias-consumidor-300x300.jpg 300w, https:\/\/list-broker.es\/wp-content\/uploads\/2024\/12\/bbdd-preferencias-consumidor-150x150.jpg 150w\" sizes=\"(max-width: 540px) 100vw, 540px\" \/>\t\t\t\t\t\t\t\t\t\t\t\t\t\t\t<\/div>\n\t\t\t\t<\/div>\n\t\t\t\t<\/div>\n\t\t<div role=\"region\" aria-labelledby=\"e-n-accordion-item-1670\" class=\"elementor-element elementor-element-e3b9ad1 e-flex e-con-boxed e-con e-child\" data-id=\"e3b9ad1\" data-element_type=\"container\" data-e-type=\"container\">\n\t\t\t\t\t<div class=\"e-con-inner\">\n\t\t\t\t<div class=\"elementor-element elementor-element-945563f elementor-widget elementor-widget-heading\" data-id=\"945563f\" data-element_type=\"widget\" data-e-type=\"widget\" data-widget_type=\"heading.default\">\n\t\t\t\t<div class=\"elementor-widget-container\">\n\t\t\t\t\t<h2 class=\"elementor-heading-title elementor-size-default\">Fuente: concurso\/preferencias\n<\/h2>\t\t\t\t<\/div>\n\t\t\t\t<\/div>\n\t\t\t\t<div class=\"elementor-element elementor-element-40e83ee elementor-widget elementor-widget-text-editor\" data-id=\"40e83ee\" data-element_type=\"widget\" data-e-type=\"widget\" data-widget_type=\"text-editor.default\">\n\t\t\t\t<div class=\"elementor-widget-container\">\n\t\t\t\t\t\t\t\t\t<p>Mas de 10 a\u00f1os como experiencia en marketing online y m\u00e1s de 3 millones de usuarios activos. Con la experiencia en generar productos de captaci\u00f3n con incentivos espec\u00edficos para cada tipo de usuario, generan todo tipo de datos b2c, co-registros, patrocinio, co-branding, clubs de fidelizaci\u00f3n, etc. Disponen de bbdd propias y externas.<\/p><p><strong>Selecciones propias<\/strong>: Genero, edad, geo (c\u00f3d. postal)<br \/>Selecciones a\u00f1adidas: mediante concursos web tem\u00e1tico.<\/p><p><strong>Multibase<\/strong>: email, postal, tel\u00e9fono y SMS<\/p><p><strong>* <\/strong>Se elaborar\u00e1n presupuestos espec\u00edficos para cada campa\u00f1a<\/p>\t\t\t\t\t\t\t\t<\/div>\n\t\t\t\t<\/div>\n\t\t\t\t\t<\/div>\n\t\t\t\t<\/div>\n\t\t\t\t<\/div>\n\t\t\t\t\t<\/details>\n\t\t\t\t\t\t<details id=\"e-n-accordion-item-1671\" class=\"e-n-accordion-item\" >\n\t\t\t\t<summary class=\"e-n-accordion-item-title\" data-accordion-index=\"2\" tabindex=\"-1\" aria-expanded=\"false\" aria-controls=\"e-n-accordion-item-1671\" >\n\t\t\t\t\t<span class='e-n-accordion-item-title-header'><h2 class=\"e-n-accordion-item-title-text\"> BBDD P\u00daBLICA Y COLABORADORES <\/h2><\/span>\n\t\t\t\t\t\t\t<span class='e-n-accordion-item-title-icon'>\n\t\t\t<span class='e-opened' ><svg aria-hidden=\"true\" class=\"e-font-icon-svg e-fas-minus\" viewbox=\"0 0 448 512\" xmlns=\"http:\/\/www.w3.org\/2000\/svg\"><path d=\"M416 208H32c-17.67 0-32 14.33-32 32v32c0 17.67 14.33 32 32 32h384c17.67 0 32-14.33 32-32v-32c0-17.67-14.33-32-32-32z\"><\/path><\/svg><\/span>\n\t\t\t<span class='e-closed'><svg aria-hidden=\"true\" class=\"e-font-icon-svg e-fas-plus\" viewbox=\"0 0 448 512\" xmlns=\"http:\/\/www.w3.org\/2000\/svg\"><path d=\"M416 208H272V64c0-17.67-14.33-32-32-32h-32c-17.67 0-32 14.33-32 32v144H32c-17.67 0-32 14.33-32 32v32c0 17.67 14.33 32 32 32h144v144c0 17.67 14.33 32 32 32h32c17.67 0 32-14.33 32-32V304h144c17.67 0 32-14.33 32-32v-32c0-17.67-14.33-32-32-32z\"><\/path><\/svg><\/span>\n\t\t<\/span>\n\n\t\t\t\t\t\t<\/summary>\n\t\t\t\t<div role=\"region\" aria-labelledby=\"e-n-accordion-item-1671\" class=\"elementor-element elementor-element-8e96a5a e-con-full e-flex e-con e-child\" data-id=\"8e96a5a\" data-element_type=\"container\" data-e-type=\"container\">\n\t\t<div role=\"region\" aria-labelledby=\"e-n-accordion-item-1671\" class=\"elementor-element elementor-element-361e21d e-con-full e-flex e-con e-child\" data-id=\"361e21d\" data-element_type=\"container\" data-e-type=\"container\">\n\t\t\t\t<div class=\"elementor-element elementor-element-a404218 elementor-widget elementor-widget-image\" data-id=\"a404218\" data-element_type=\"widget\" data-e-type=\"widget\" data-widget_type=\"image.default\">\n\t\t\t\t<div class=\"elementor-widget-container\">\n\t\t\t\t\t\t\t\t\t\t\t\t\t\t\t<img decoding=\"async\" width=\"540\" height=\"540\" src=\"https:\/\/list-broker.es\/wp-content\/uploads\/2024\/12\/bbdd-poder-adquisitivo.jpg\" class=\"attachment-large size-large wp-image-209\" alt=\"\" srcset=\"https:\/\/list-broker.es\/wp-content\/uploads\/2024\/12\/bbdd-poder-adquisitivo.jpg 540w, https:\/\/list-broker.es\/wp-content\/uploads\/2024\/12\/bbdd-poder-adquisitivo-300x300.jpg 300w, https:\/\/list-broker.es\/wp-content\/uploads\/2024\/12\/bbdd-poder-adquisitivo-150x150.jpg 150w\" sizes=\"(max-width: 540px) 100vw, 540px\" \/>\t\t\t\t\t\t\t\t\t\t\t\t\t\t\t<\/div>\n\t\t\t\t<\/div>\n\t\t\t\t<\/div>\n\t\t<div role=\"region\" aria-labelledby=\"e-n-accordion-item-1671\" class=\"elementor-element elementor-element-c2b78b8 e-flex e-con-boxed e-con e-child\" data-id=\"c2b78b8\" data-element_type=\"container\" data-e-type=\"container\">\n\t\t\t\t\t<div class=\"e-con-inner\">\n\t\t\t\t<div class=\"elementor-element elementor-element-fb9f476 elementor-widget elementor-widget-heading\" data-id=\"fb9f476\" data-element_type=\"widget\" data-e-type=\"widget\" data-widget_type=\"heading.default\">\n\t\t\t\t<div class=\"elementor-widget-container\">\n\t\t\t\t\t<h2 class=\"elementor-heading-title elementor-size-default\">Fuente: Publica y colaboradores\n<\/h2>\t\t\t\t<\/div>\n\t\t\t\t<\/div>\n\t\t\t\t<div class=\"elementor-element elementor-element-ef0531e elementor-widget__width-initial elementor-widget elementor-widget-text-editor\" data-id=\"ef0531e\" data-element_type=\"widget\" data-e-type=\"widget\" data-widget_type=\"text-editor.default\">\n\t\t\t\t<div class=\"elementor-widget-container\">\n\t\t\t\t\t\t\t\t\t<p>Consumidores opt-in para recibir ofertas a trav\u00e9s de email. El consumidor medio es de alto poder adquisitivo, con equipamiento del hogar, formaci\u00f3n y h\u00e1bitos de consumo muy superiores a la media nacional.<\/p><p><strong>Selecciones<\/strong>: Genero, edad, c\u00f3digo postal, pa\u00eds de residencia, geo, fecha nacimiento, nacionalidad, permiso de conducir, veh\u00edculo propio, sectores profesionales, retribuci\u00f3n salarial, nivel de estudios, formaci\u00f3n acad\u00e9mica, idiomas.<\/p>\t\t\t\t\t\t\t\t<\/div>\n\t\t\t\t<\/div>\n\t\t\t\t\t<\/div>\n\t\t\t\t<\/div>\n\t\t\t\t<\/div>\n\t\t\t\t\t<\/details>\n\t\t\t\t\t<\/div>\n\t\t\t\t\t\t<\/div>\n\t\t\t\t<\/div>\n\t\t\t\t<div class=\"elementor-element elementor-element-6dde3dc elementor-align-center elementor-widget elementor-widget-button\" data-id=\"6dde3dc\" data-element_type=\"widget\" data-e-type=\"widget\" data-widget_type=\"button.default\">\n\t\t\t\t<div class=\"elementor-widget-container\">\n\t\t\t\t\t\t\t\t\t<div class=\"elementor-button-wrapper\">\n\t\t\t\t\t<a class=\"elementor-button elementor-button-link elementor-size-sm\" href=\"#elementor-action%3Aaction%3Dpopup%3Aopen%26settings%3DeyJpZCI6IjIxMSIsInRvZ2dsZSI6ZmFsc2V9\" rel=\"nofollow\">\n\t\t\t\t\t\t<span class=\"elementor-button-content-wrapper\">\n\t\t\t\t\t\t\t\t\t<span class=\"elementor-button-text\">REQUEST INFORMATION<\/span>\n\t\t\t\t\t<\/span>\n\t\t\t\t\t<\/a>\n\t\t\t\t<\/div>\n\t\t\t\t\t\t\t\t<\/div>\n\t\t\t\t<\/div>\n\t\t\t\t\t<\/div>\n\t\t\t\t<\/div>\n\t\t\t\t<\/div>","protected":false},"excerpt":{"rendered":"<p>Bases de Datos B2C Nacionales Lorem ipsum dolor sit amet, consectetur adipiscing elit. Proin convallis fringilla euismod. Suspendisse rhoncus ac velit lacinia tempor. Suspendisse dolor velit, efficitur sed lorem ut, ultrices accumsan dui. Aliquam sit amet mattis orci.\u00a0 BBDD CONCURSO \/ PREFERENCIAS Fuente: concurso\/preferencias Mas de 10 a\u00f1os como experiencia en marketing online y m\u00e1s [&hellip;]<\/p>\n","protected":false},"author":1,"featured_media":0,"parent":18,"menu_order":0,"comment_status":"closed","ping_status":"closed","template":"","meta":{"footnotes":""},"class_list":["post-29","page","type-page","status-publish","hentry"],"yoast_head":"<!-- This site is optimized with the Yoast SEO plugin v27.2 - https:\/\/yoast.com\/product\/yoast-seo-wordpress\/ -->\n<title>B2C - RCR List Brokers<\/title>\n<meta name=\"robots\" content=\"index, follow, max-snippet:-1, max-image-preview:large, max-video-preview:-1\" \/>\n<link rel=\"canonical\" href=\"https:\/\/list-broker.es\/en\/databases\/b2c-national\/\" \/>\n<meta property=\"og:locale\" content=\"en_GB\" \/>\n<meta property=\"og:type\" content=\"article\" \/>\n<meta property=\"og:title\" content=\"B2C - RCR List Brokers\" \/>\n<meta property=\"og:description\" content=\"Bases de Datos B2C Nacionales Lorem ipsum dolor sit amet, consectetur adipiscing elit. Proin convallis fringilla euismod. Suspendisse rhoncus ac velit lacinia tempor. Suspendisse dolor velit, efficitur sed lorem ut, ultrices accumsan dui. Aliquam sit amet mattis orci.\u00a0 BBDD CONCURSO \/ PREFERENCIAS Fuente: concurso\/preferencias Mas de 10 a\u00f1os como experiencia en marketing online y m\u00e1s [&hellip;]\" \/>\n<meta property=\"og:url\" content=\"https:\/\/list-broker.es\/en\/databases\/b2c-national\/\" \/>\n<meta property=\"og:site_name\" content=\"RCR List Brokers\" \/>\n<meta property=\"article:modified_time\" content=\"2025-01-07T16:19:40+00:00\" \/>\n<meta property=\"og:image\" content=\"https:\/\/list-broker.es\/wp-content\/uploads\/2024\/12\/bbdd-preferencias-consumidor.jpg\" \/>\n\t<meta property=\"og:image:width\" content=\"540\" \/>\n\t<meta property=\"og:image:height\" content=\"540\" \/>\n\t<meta property=\"og:image:type\" content=\"image\/jpeg\" \/>\n<meta name=\"twitter:card\" content=\"summary_large_image\" \/>\n<meta name=\"twitter:label1\" content=\"Estimated reading time\" \/>\n\t<meta name=\"twitter:data1\" content=\"3 minutes\" \/>\n<script type=\"application\/ld+json\" class=\"yoast-schema-graph\">{\"@context\":\"https:\/\/schema.org\",\"@graph\":[{\"@type\":\"WebPage\",\"@id\":\"https:\/\/list-broker.es\/bases-de-datos\/b2c-nacionales\/\",\"url\":\"https:\/\/list-broker.es\/bases-de-datos\/b2c-nacionales\/\",\"name\":\"B2C - RCR List Brokers\",\"isPartOf\":{\"@id\":\"https:\/\/list-broker.es\/#website\"},\"primaryImageOfPage\":{\"@id\":\"https:\/\/list-broker.es\/bases-de-datos\/b2c-nacionales\/#primaryimage\"},\"image\":{\"@id\":\"https:\/\/list-broker.es\/bases-de-datos\/b2c-nacionales\/#primaryimage\"},\"thumbnailUrl\":\"https:\/\/list-broker.es\/wp-content\/uploads\/2024\/12\/bbdd-preferencias-consumidor.jpg\",\"datePublished\":\"2024-12-16T11:17:04+00:00\",\"dateModified\":\"2025-01-07T16:19:40+00:00\",\"breadcrumb\":{\"@id\":\"https:\/\/list-broker.es\/bases-de-datos\/b2c-nacionales\/#breadcrumb\"},\"inLanguage\":\"en-GB\",\"potentialAction\":[{\"@type\":\"ReadAction\",\"target\":[\"https:\/\/list-broker.es\/bases-de-datos\/b2c-nacionales\/\"]}]},{\"@type\":\"ImageObject\",\"inLanguage\":\"en-GB\",\"@id\":\"https:\/\/list-broker.es\/bases-de-datos\/b2c-nacionales\/#primaryimage\",\"url\":\"https:\/\/list-broker.es\/wp-content\/uploads\/2024\/12\/bbdd-preferencias-consumidor.jpg\",\"contentUrl\":\"https:\/\/list-broker.es\/wp-content\/uploads\/2024\/12\/bbdd-preferencias-consumidor.jpg\"},{\"@type\":\"BreadcrumbList\",\"@id\":\"https:\/\/list-broker.es\/bases-de-datos\/b2c-nacionales\/#breadcrumb\",\"itemListElement\":[{\"@type\":\"ListItem\",\"position\":1,\"name\":\"Portada\",\"item\":\"https:\/\/list-broker.es\/\"},{\"@type\":\"ListItem\",\"position\":2,\"name\":\"Bases de Datos\",\"item\":\"https:\/\/list-broker.es\/bases-de-datos\/\"},{\"@type\":\"ListItem\",\"position\":3,\"name\":\"B2C\"}]},{\"@type\":\"WebSite\",\"@id\":\"https:\/\/list-broker.es\/#website\",\"url\":\"https:\/\/list-broker.es\/\",\"name\":\"RCR List Brokers\",\"description\":\"Bases de datos y listados  de empresas\",\"publisher\":{\"@id\":\"https:\/\/list-broker.es\/#organization\"},\"potentialAction\":[{\"@type\":\"SearchAction\",\"target\":{\"@type\":\"EntryPoint\",\"urlTemplate\":\"https:\/\/list-broker.es\/?s={search_term_string}\"},\"query-input\":{\"@type\":\"PropertyValueSpecification\",\"valueRequired\":true,\"valueName\":\"search_term_string\"}}],\"inLanguage\":\"en-GB\"},{\"@type\":\"Organization\",\"@id\":\"https:\/\/list-broker.es\/#organization\",\"name\":\"RCR List Brokers\",\"url\":\"https:\/\/list-broker.es\/\",\"logo\":{\"@type\":\"ImageObject\",\"inLanguage\":\"en-GB\",\"@id\":\"https:\/\/list-broker.es\/#\/schema\/logo\/image\/\",\"url\":\"https:\/\/list-broker.es\/wp-content\/uploads\/2024\/12\/logo-rcr.png\",\"contentUrl\":\"https:\/\/list-broker.es\/wp-content\/uploads\/2024\/12\/logo-rcr.png\",\"width\":3500,\"height\":3300,\"caption\":\"RCR List Brokers\"},\"image\":{\"@id\":\"https:\/\/list-broker.es\/#\/schema\/logo\/image\/\"}}]}<\/script>\n<!-- \/ Yoast SEO plugin. -->","yoast_head_json":{"title":"B2C - RCR List Brokers","robots":{"index":"index","follow":"follow","max-snippet":"max-snippet:-1","max-image-preview":"max-image-preview:large","max-video-preview":"max-video-preview:-1"},"canonical":"https:\/\/list-broker.es\/en\/databases\/b2c-national\/","og_locale":"en_GB","og_type":"article","og_title":"B2C - RCR List Brokers","og_description":"Bases de Datos B2C Nacionales Lorem ipsum dolor sit amet, consectetur adipiscing elit. Proin convallis fringilla euismod. Suspendisse rhoncus ac velit lacinia tempor. Suspendisse dolor velit, efficitur sed lorem ut, ultrices accumsan dui. Aliquam sit amet mattis orci.\u00a0 BBDD CONCURSO \/ PREFERENCIAS Fuente: concurso\/preferencias Mas de 10 a\u00f1os como experiencia en marketing online y m\u00e1s [&hellip;]","og_url":"https:\/\/list-broker.es\/en\/databases\/b2c-national\/","og_site_name":"RCR List Brokers","article_modified_time":"2025-01-07T16:19:40+00:00","og_image":[{"width":540,"height":540,"url":"https:\/\/list-broker.es\/wp-content\/uploads\/2024\/12\/bbdd-preferencias-consumidor.jpg","type":"image\/jpeg"}],"twitter_card":"summary_large_image","twitter_misc":{"Estimated reading time":"3 minutes"},"schema":{"@context":"https:\/\/schema.org","@graph":[{"@type":"WebPage","@id":"https:\/\/list-broker.es\/bases-de-datos\/b2c-nacionales\/","url":"https:\/\/list-broker.es\/bases-de-datos\/b2c-nacionales\/","name":"B2C - RCR List Brokers","isPartOf":{"@id":"https:\/\/list-broker.es\/#website"},"primaryImageOfPage":{"@id":"https:\/\/list-broker.es\/bases-de-datos\/b2c-nacionales\/#primaryimage"},"image":{"@id":"https:\/\/list-broker.es\/bases-de-datos\/b2c-nacionales\/#primaryimage"},"thumbnailUrl":"https:\/\/list-broker.es\/wp-content\/uploads\/2024\/12\/bbdd-preferencias-consumidor.jpg","datePublished":"2024-12-16T11:17:04+00:00","dateModified":"2025-01-07T16:19:40+00:00","breadcrumb":{"@id":"https:\/\/list-broker.es\/bases-de-datos\/b2c-nacionales\/#breadcrumb"},"inLanguage":"en-GB","potentialAction":[{"@type":"ReadAction","target":["https:\/\/list-broker.es\/bases-de-datos\/b2c-nacionales\/"]}]},{"@type":"ImageObject","inLanguage":"en-GB","@id":"https:\/\/list-broker.es\/bases-de-datos\/b2c-nacionales\/#primaryimage","url":"https:\/\/list-broker.es\/wp-content\/uploads\/2024\/12\/bbdd-preferencias-consumidor.jpg","contentUrl":"https:\/\/list-broker.es\/wp-content\/uploads\/2024\/12\/bbdd-preferencias-consumidor.jpg"},{"@type":"BreadcrumbList","@id":"https:\/\/list-broker.es\/bases-de-datos\/b2c-nacionales\/#breadcrumb","itemListElement":[{"@type":"ListItem","position":1,"name":"Portada","item":"https:\/\/list-broker.es\/"},{"@type":"ListItem","position":2,"name":"Bases de Datos","item":"https:\/\/list-broker.es\/bases-de-datos\/"},{"@type":"ListItem","position":3,"name":"B2C"}]},{"@type":"WebSite","@id":"https:\/\/list-broker.es\/#website","url":"https:\/\/list-broker.es\/","name":"RCR List Brokers","description":"Bases de datos y listados  de empresas","publisher":{"@id":"https:\/\/list-broker.es\/#organization"},"potentialAction":[{"@type":"SearchAction","target":{"@type":"EntryPoint","urlTemplate":"https:\/\/list-broker.es\/?s={search_term_string}"},"query-input":{"@type":"PropertyValueSpecification","valueRequired":true,"valueName":"search_term_string"}}],"inLanguage":"en-GB"},{"@type":"Organization","@id":"https:\/\/list-broker.es\/#organization","name":"RCR List Brokers","url":"https:\/\/list-broker.es\/","logo":{"@type":"ImageObject","inLanguage":"en-GB","@id":"https:\/\/list-broker.es\/#\/schema\/logo\/image\/","url":"https:\/\/list-broker.es\/wp-content\/uploads\/2024\/12\/logo-rcr.png","contentUrl":"https:\/\/list-broker.es\/wp-content\/uploads\/2024\/12\/logo-rcr.png","width":3500,"height":3300,"caption":"RCR List Brokers"},"image":{"@id":"https:\/\/list-broker.es\/#\/schema\/logo\/image\/"}}]}},"_links":{"self":[{"href":"https:\/\/list-broker.es\/en\/wp-json\/wp\/v2\/pages\/29","targetHints":{"allow":["GET"]}}],"collection":[{"href":"https:\/\/list-broker.es\/en\/wp-json\/wp\/v2\/pages"}],"about":[{"href":"https:\/\/list-broker.es\/en\/wp-json\/wp\/v2\/types\/page"}],"author":[{"embeddable":true,"href":"https:\/\/list-broker.es\/en\/wp-json\/wp\/v2\/users\/1"}],"replies":[{"embeddable":true,"href":"https:\/\/list-broker.es\/en\/wp-json\/wp\/v2\/comments?post=29"}],"version-history":[{"count":28,"href":"https:\/\/list-broker.es\/en\/wp-json\/wp\/v2\/pages\/29\/revisions"}],"predecessor-version":[{"id":758,"href":"https:\/\/list-broker.es\/en\/wp-json\/wp\/v2\/pages\/29\/revisions\/758"}],"up":[{"embeddable":true,"href":"https:\/\/list-broker.es\/en\/wp-json\/wp\/v2\/pages\/18"}],"wp:attachment":[{"href":"https:\/\/list-broker.es\/en\/wp-json\/wp\/v2\/media?parent=29"}],"curies":[{"name":"wp","href":"https:\/\/api.w.org\/{rel}","templated":true}]}}